{"id":757,"date":"2021-10-13T09:54:42","date_gmt":"2021-10-13T07:54:42","guid":{"rendered":"https:\/\/interactive.marrobstudio.pl\/pl\/?page_id=757"},"modified":"2021-10-13T12:03:07","modified_gmt":"2021-10-13T10:03:07","slug":"akademia","status":"publish","type":"page","link":"https:\/\/interactive.marrobstudio.pl\/pl\/akademia\/","title":{"rendered":"Akademia"},"content":{"rendered":"\t\t<div data-elementor-type=\"wp-page\" data-elementor-id=\"757\" class=\"elementor elementor-757\" data-elementor-post-type=\"page\">\n\t\t\t\t\t\t<section class=\"elementor-section elementor-top-section elementor-element elementor-element-cf0bde2 elementor-section-full_width elementor-section-height-default elementor-section-height-default\" data-id=\"cf0bde2\" data-element_type=\"section\" data-e-type=\"section\" data-settings=\"{&quot;background_background&quot;:&quot;classic&quot;}\">\n\t\t\t\t\t\t\t<div class=\"elementor-background-overlay\"><\/div>\n\t\t\t\t\t\t\t<div class=\"elementor-container elementor-column-gap-no\">\n\t\t\t\t\t<div class=\"elementor-column elementor-col-100 elementor-top-column elementor-element elementor-element-0fe3ab5\" data-id=\"0fe3ab5\" data-element_type=\"column\" data-e-type=\"column\">\n\t\t\t<div class=\"elementor-widget-wrap elementor-element-populated\">\n\t\t\t\t\t\t<section class=\"elementor-section elementor-inner-section elementor-element elementor-element-271193a elementor-section-full_width elementor-section-height-default elementor-section-height-default\" data-id=\"271193a\" data-element_type=\"section\" data-e-type=\"section\">\n\t\t\t\t\t\t<div class=\"elementor-container elementor-column-gap-wider\">\n\t\t\t\t\t<div class=\"elementor-column elementor-col-25 elementor-inner-column elementor-element elementor-element-612b8dd\" data-id=\"612b8dd\" data-element_type=\"column\" data-e-type=\"column\">\n\t\t\t<div class=\"elementor-widget-wrap elementor-element-populated\">\n\t\t\t\t\t\t<div class=\"elementor-element elementor-element-29630d3 elementor-widget-tablet__width-initial elementor-widget elementor-widget-image\" data-id=\"29630d3\" data-element_type=\"widget\" data-e-type=\"widget\" data-widget_type=\"image.default\">\n\t\t\t\t<div class=\"elementor-widget-container\">\n\t\t\t\t\t\t\t\t\t\t\t\t\t\t\t<img fetchpriority=\"high\" decoding=\"async\" width=\"1500\" height=\"600\" src=\"https:\/\/interactive.marrobstudio.pl\/pl\/wp-content\/uploads\/2021\/10\/Training-Courses-and-Education-Doodle-Concept-01.png\" class=\"attachment-full size-full wp-image-843\" alt=\"\" srcset=\"https:\/\/interactive.marrobstudio.pl\/pl\/wp-content\/uploads\/2021\/10\/Training-Courses-and-Education-Doodle-Concept-01.png 1500w, https:\/\/interactive.marrobstudio.pl\/pl\/wp-content\/uploads\/2021\/10\/Training-Courses-and-Education-Doodle-Concept-01-300x120.png 300w, https:\/\/interactive.marrobstudio.pl\/pl\/wp-content\/uploads\/2021\/10\/Training-Courses-and-Education-Doodle-Concept-01-1024x410.png 1024w, https:\/\/interactive.marrobstudio.pl\/pl\/wp-content\/uploads\/2021\/10\/Training-Courses-and-Education-Doodle-Concept-01-768x307.png 768w\" sizes=\"(max-width: 1500px) 100vw, 1500px\" \/>\t\t\t\t\t\t\t\t\t\t\t\t\t\t\t<\/div>\n\t\t\t\t<\/div>\n\t\t\t\t\t<\/div>\n\t\t<\/div>\n\t\t\t\t<div class=\"elementor-column elementor-col-25 elementor-inner-column elementor-element elementor-element-31e7341\" data-id=\"31e7341\" data-element_type=\"column\" data-e-type=\"column\">\n\t\t\t<div class=\"elementor-widget-wrap\">\n\t\t\t\t\t\t\t<\/div>\n\t\t<\/div>\n\t\t\t\t<div class=\"elementor-column elementor-col-25 elementor-inner-column elementor-element elementor-element-92cc099\" data-id=\"92cc099\" data-element_type=\"column\" data-e-type=\"column\">\n\t\t\t<div class=\"elementor-widget-wrap elementor-element-populated\">\n\t\t\t\t\t\t<div class=\"elementor-element elementor-element-b13b952 elementor-widget elementor-widget-image\" data-id=\"b13b952\" data-element_type=\"widget\" data-e-type=\"widget\" data-widget_type=\"image.default\">\n\t\t\t\t<div class=\"elementor-widget-container\">\n\t\t\t\t\t\t\t\t\t\t\t\t\t\t\t<img decoding=\"async\" width=\"750\" height=\"750\" src=\"https:\/\/interactive.marrobstudio.pl\/pl\/wp-content\/uploads\/2021\/10\/MARROB_Studio_Akademia-Logo_SQ-01.png\" class=\"attachment-large size-large wp-image-762\" alt=\"\" srcset=\"https:\/\/interactive.marrobstudio.pl\/pl\/wp-content\/uploads\/2021\/10\/MARROB_Studio_Akademia-Logo_SQ-01.png 750w, https:\/\/interactive.marrobstudio.pl\/pl\/wp-content\/uploads\/2021\/10\/MARROB_Studio_Akademia-Logo_SQ-01-300x300.png 300w, https:\/\/interactive.marrobstudio.pl\/pl\/wp-content\/uploads\/2021\/10\/MARROB_Studio_Akademia-Logo_SQ-01-150x150.png 150w\" sizes=\"(max-width: 750px) 100vw, 750px\" \/>\t\t\t\t\t\t\t\t\t\t\t\t\t\t\t<\/div>\n\t\t\t\t<\/div>\n\t\t\t\t\t<\/div>\n\t\t<\/div>\n\t\t\t\t<div class=\"elementor-column elementor-col-25 elementor-inner-column elementor-element elementor-element-d2c3f80\" data-id=\"d2c3f80\" data-element_type=\"column\" data-e-type=\"column\">\n\t\t\t<div class=\"elementor-widget-wrap\">\n\t\t\t\t\t\t\t<\/div>\n\t\t<\/div>\n\t\t\t\t\t<\/div>\n\t\t<\/section>\n\t\t\t\t\t<\/div>\n\t\t<\/div>\n\t\t\t\t\t<\/div>\n\t\t<\/section>\n\t\t\t\t<section class=\"elementor-section elementor-top-section elementor-element elementor-element-e66157f elementor-section-full_width elementor-section-height-default elementor-section-height-default\" data-id=\"e66157f\" data-element_type=\"section\" data-e-type=\"section\" data-settings=\"{&quot;background_background&quot;:&quot;classic&quot;}\">\n\t\t\t\t\t\t<div class=\"elementor-container elementor-column-gap-wider\">\n\t\t\t\t\t<div class=\"elementor-column elementor-col-33 elementor-top-column elementor-element elementor-element-4bff539\" data-id=\"4bff539\" data-element_type=\"column\" data-e-type=\"column\">\n\t\t\t<div class=\"elementor-widget-wrap elementor-element-populated\">\n\t\t\t\t\t\t<div class=\"elementor-element elementor-element-6836dc9 elementor-widget__width-initial elementor-invisible elementor-widget elementor-widget-heading\" data-id=\"6836dc9\" data-element_type=\"widget\" data-e-type=\"widget\" data-settings=\"{&quot;_animation_delay&quot;:500,&quot;_animation&quot;:&quot;fadeIn&quot;}\" data-widget_type=\"heading.default\">\n\t\t\t\t<div class=\"elementor-widget-container\">\n\t\t\t\t\t<div class=\"elementor-heading-title elementor-size-default\">AKADEMIA MARROB StudiO<\/div>\t\t\t\t<\/div>\n\t\t\t\t<\/div>\n\t\t\t\t<div class=\"elementor-element elementor-element-c2aaf50 elementor-widget elementor-widget-spacer\" data-id=\"c2aaf50\" data-element_type=\"widget\" data-e-type=\"widget\" data-widget_type=\"spacer.default\">\n\t\t\t\t<div class=\"elementor-widget-container\">\n\t\t\t\t\t\t\t<div class=\"elementor-spacer\">\n\t\t\t<div class=\"elementor-spacer-inner\"><\/div>\n\t\t<\/div>\n\t\t\t\t\t\t<\/div>\n\t\t\t\t<\/div>\n\t\t\t\t<div class=\"elementor-element elementor-element-8d03fa7 elementor-widget__width-initial elementor-widget-tablet__width-initial elementor-invisible elementor-widget elementor-widget-heading\" data-id=\"8d03fa7\" data-element_type=\"widget\" data-e-type=\"widget\" data-settings=\"{&quot;_animation&quot;:&quot;fadeIn&quot;,&quot;_animation_delay&quot;:800}\" data-widget_type=\"heading.default\">\n\t\t\t\t<div class=\"elementor-widget-container\">\n\t\t\t\t\t<h1 class=\"elementor-heading-title elementor-size-default\">Us\u0142ugi edukacyjne i szkoleniowe<\/h1>\t\t\t\t<\/div>\n\t\t\t\t<\/div>\n\t\t\t\t<div class=\"elementor-element elementor-element-623006a elementor-widget elementor-widget-spacer\" data-id=\"623006a\" data-element_type=\"widget\" data-e-type=\"widget\" data-widget_type=\"spacer.default\">\n\t\t\t\t<div class=\"elementor-widget-container\">\n\t\t\t\t\t\t\t<div class=\"elementor-spacer\">\n\t\t\t<div class=\"elementor-spacer-inner\"><\/div>\n\t\t<\/div>\n\t\t\t\t\t\t<\/div>\n\t\t\t\t<\/div>\n\t\t\t\t<div class=\"elementor-element elementor-element-9439d7b elementor-widget__width-initial elementor-widget elementor-widget-text-editor\" data-id=\"9439d7b\" data-element_type=\"widget\" data-e-type=\"widget\" data-widget_type=\"text-editor.default\">\n\t\t\t\t<div class=\"elementor-widget-container\">\n\t\t\t\t\t\t\t\t\t<p>Akademia MARROB Studio odpowiada na zapotrzebowanie rynku, aby praktyczne zdobywanie umiej\u0119tno\u015bci by\u0142o poparte wiedz\u0105, a szkolenia nie by\u0142y tylko teoretyczne ale po\u0142\u0105czone z \u0107wiczeniami praktycznymi i warsztatami.<\/p>\t\t\t\t\t\t\t\t<\/div>\n\t\t\t\t<\/div>\n\t\t\t\t<div class=\"elementor-element elementor-element-c709b8b elementor-widget elementor-widget-spacer\" data-id=\"c709b8b\" data-element_type=\"widget\" data-e-type=\"widget\" data-widget_type=\"spacer.default\">\n\t\t\t\t<div class=\"elementor-widget-container\">\n\t\t\t\t\t\t\t<div class=\"elementor-spacer\">\n\t\t\t<div class=\"elementor-spacer-inner\"><\/div>\n\t\t<\/div>\n\t\t\t\t\t\t<\/div>\n\t\t\t\t<\/div>\n\t\t\t\t<div class=\"elementor-element elementor-element-1fa6a4b elementor-position-inline-start elementor-widget__width-initial elementor-view-default elementor-mobile-position-block-start elementor-widget elementor-widget-icon-box\" data-id=\"1fa6a4b\" data-element_type=\"widget\" data-e-type=\"widget\" data-widget_type=\"icon-box.default\">\n\t\t\t\t<div class=\"elementor-widget-container\">\n\t\t\t\t\t\t\t<div class=\"elementor-icon-box-wrapper\">\n\n\t\t\t\t\t\t<div class=\"elementor-icon-box-icon\">\n\t\t\t\t<span  class=\"elementor-icon\">\n\t\t\t\t<i aria-hidden=\"true\" class=\"icon dticon-chatbox-ellipses-outline\"><\/i>\t\t\t\t<\/span>\n\t\t\t<\/div>\n\t\t\t\n\t\t\t\t\t\t<div class=\"elementor-icon-box-content\">\n\n\t\t\t\t\t\t\t\t\t<h5 class=\"elementor-icon-box-title\">\n\t\t\t\t\t\t<span  >\n\t\t\t\t\t\t\tCo nas wyr\u00f3\u017cnia? \t\t\t\t\t\t<\/span>\n\t\t\t\t\t<\/h5>\n\t\t\t\t\n\t\t\t\t\t\t\t\t\t<p class=\"elementor-icon-box-description\">\n\t\t\t\t\t\tJeste\u015bmy elastyczni i ka\u017cdego z naszych Klient\u00f3w traktujemy indywidualnie. Spos\u00f3b wsp\u00f3\u0142pracy zawsze dostosowujemy do wymaga\u0144 i mo\u017cliwo\u015bci Klienta. \n<br>\nW swoj\u0105 prac\u0119 wk\u0142adamy serce, pogod\u0119 ducha, zaanga\u017cowanie oraz ci\u0105g\u0142e podnoszenie kwalifikacji i dba\u0142o\u015b\u0107 o w\u0142asny rozw\u00f3j.\n<br>\n<br>\nProwadzimy szkolenia z r\u00f3\u017cnych aspekt\u00f3w biznesowych zwi\u0105zanych z modelowaniem proces\u00f3w, ich usprawnianiem i re-engineeringiem oraz cyfryzacj\u0105.\n<br>\n<br>\nJako nieliczni na rynku kierujemy nasz\u0105 ofert\u0119 do podmiot\u00f3w zajmuj\u0105cych si\u0119 promocj\u0105 i rozwijaniem turystyki w swoim regionie. Nasze szkolenia pokazuj\u0105 w jaki spos\u00f3b mo\u017cna po\u0142\u0105czy\u0107 tradycj\u0119 (papier) z nowoczesno\u015bci\u0105 (technologia), tak aby trafi\u0107 z atrakcyjn\u0105 ofert\u0105 turystyczn\u0105 do jak najwi\u0119kszej liczby odbiorc\u00f3w. U\u015bwiadamiamy jak mo\u017cna wykorzysta\u0107 w sektorze turystycznym nieoczywiste a skuteczne rozwi\u0105zania w promocji atrakcji turystycznych.\n\t\t\t\t\t<\/p>\n\t\t\t\t\n\t\t\t<\/div>\n\t\t\t\n\t\t<\/div>\n\t\t\t\t\t\t<\/div>\n\t\t\t\t<\/div>\n\t\t\t\t<div class=\"elementor-element elementor-element-088c682 elementor-widget__width-initial elementor-widget-divider--view-line elementor-widget elementor-widget-divider\" data-id=\"088c682\" data-element_type=\"widget\" data-e-type=\"widget\" data-widget_type=\"divider.default\">\n\t\t\t\t<div class=\"elementor-widget-container\">\n\t\t\t\t\t\t\t<div class=\"elementor-divider\">\n\t\t\t<span class=\"elementor-divider-separator\">\n\t\t\t\t\t\t<\/span>\n\t\t<\/div>\n\t\t\t\t\t\t<\/div>\n\t\t\t\t<\/div>\n\t\t\t\t<div class=\"elementor-element elementor-element-44ae95b elementor-widget__width-initial elementor-widget elementor-widget-text-editor\" data-id=\"44ae95b\" data-element_type=\"widget\" data-e-type=\"widget\" data-widget_type=\"text-editor.default\">\n\t\t\t\t<div class=\"elementor-widget-container\">\n\t\t\t\t\t\t\t\t\tWspieramy w mo\u017cliwo\u015bci otrzymania dofinansowania na us\u0142ugi szkoleniowe. Organizujemy indywidualne spotkania, podczas kt\u00f3rych wyja\u015bniamy procedur\u0119 udzia\u0142u w projekcie oraz pomagamy w dope\u0142nieniu formalno\u015bci.\t\t\t\t\t\t\t\t<\/div>\n\t\t\t\t<\/div>\n\t\t\t\t<div class=\"elementor-element elementor-element-5129154 elementor-widget__width-initial elementor-widget-divider--view-line elementor-widget elementor-widget-divider\" data-id=\"5129154\" data-element_type=\"widget\" data-e-type=\"widget\" data-widget_type=\"divider.default\">\n\t\t\t\t<div class=\"elementor-widget-container\">\n\t\t\t\t\t\t\t<div class=\"elementor-divider\">\n\t\t\t<span class=\"elementor-divider-separator\">\n\t\t\t\t\t\t<\/span>\n\t\t<\/div>\n\t\t\t\t\t\t<\/div>\n\t\t\t\t<\/div>\n\t\t\t\t<div class=\"elementor-element elementor-element-41ee1db elementor-widget elementor-widget-spacer\" data-id=\"41ee1db\" data-element_type=\"widget\" data-e-type=\"widget\" data-widget_type=\"spacer.default\">\n\t\t\t\t<div class=\"elementor-widget-container\">\n\t\t\t\t\t\t\t<div class=\"elementor-spacer\">\n\t\t\t<div class=\"elementor-spacer-inner\"><\/div>\n\t\t<\/div>\n\t\t\t\t\t\t<\/div>\n\t\t\t\t<\/div>\n\t\t\t\t<div class=\"elementor-element elementor-element-f008d54 elementor-widget__width-auto elementor-align-center elementor-widget elementor-widget-button\" data-id=\"f008d54\" data-element_type=\"widget\" data-e-type=\"widget\" data-widget_type=\"button.default\">\n\t\t\t\t<div class=\"elementor-widget-container\">\n\t\t\t\t\t\t\t\t\t<div class=\"elementor-button-wrapper\">\n\t\t\t\t\t<a class=\"elementor-button elementor-button-link elementor-size-md\" href=\"https:\/\/interactive.marrobstudio.pl\/pl\/akademia\/\">\n\t\t\t\t\t\t<span class=\"elementor-button-content-wrapper\">\n\t\t\t\t\t\t<span class=\"elementor-button-icon\">\n\t\t\t\t<i aria-hidden=\"true\" class=\"icon dticon-chevron-forward-outline\"><\/i>\t\t\t<\/span>\n\t\t\t\t\t\t\t\t\t<span class=\"elementor-button-text\">Odwied\u017a stron\u0119 Akademii<\/span>\n\t\t\t\t\t<\/span>\n\t\t\t\t\t<\/a>\n\t\t\t\t<\/div>\n\t\t\t\t\t\t\t\t<\/div>\n\t\t\t\t<\/div>\n\t\t\t\t<div class=\"elementor-element elementor-element-ac30a15 elementor-widget__width-initial elementor-widget-tablet__width-auto elementor-widget elementor-widget-button\" data-id=\"ac30a15\" data-element_type=\"widget\" data-e-type=\"widget\" data-widget_type=\"button.default\">\n\t\t\t\t<div class=\"elementor-widget-container\">\n\t\t\t\t\t\t\t\t\t<div class=\"elementor-button-wrapper\">\n\t\t\t\t\t<a class=\"elementor-button elementor-button-link elementor-size-md\" href=\"https:\/\/interactive.marrobstudio.pl\/pl\/akademia\/\">\n\t\t\t\t\t\t<span class=\"elementor-button-content-wrapper\">\n\t\t\t\t\t\t<span class=\"elementor-button-icon\">\n\t\t\t\t<i aria-hidden=\"true\" class=\"far fa-compass\"><\/i>\t\t\t<\/span>\n\t\t\t\t\t\t\t\t\t<span class=\"elementor-button-text\">KATALOG SZKOLE\u0143<\/span>\n\t\t\t\t\t<\/span>\n\t\t\t\t\t<\/a>\n\t\t\t\t<\/div>\n\t\t\t\t\t\t\t\t<\/div>\n\t\t\t\t<\/div>\n\t\t\t\t<div class=\"elementor-element elementor-element-1bb4955 elementor-widget elementor-widget-spacer\" data-id=\"1bb4955\" data-element_type=\"widget\" data-e-type=\"widget\" data-widget_type=\"spacer.default\">\n\t\t\t\t<div class=\"elementor-widget-container\">\n\t\t\t\t\t\t\t<div class=\"elementor-spacer\">\n\t\t\t<div class=\"elementor-spacer-inner\"><\/div>\n\t\t<\/div>\n\t\t\t\t\t\t<\/div>\n\t\t\t\t<\/div>\n\t\t\t\t<div class=\"elementor-element elementor-element-ded4f94 elementor-widget elementor-widget-spacer\" data-id=\"ded4f94\" data-element_type=\"widget\" data-e-type=\"widget\" data-widget_type=\"spacer.default\">\n\t\t\t\t<div class=\"elementor-widget-container\">\n\t\t\t\t\t\t\t<div class=\"elementor-spacer\">\n\t\t\t<div class=\"elementor-spacer-inner\"><\/div>\n\t\t<\/div>\n\t\t\t\t\t\t<\/div>\n\t\t\t\t<\/div>\n\t\t\t\t\t<\/div>\n\t\t<\/div>\n\t\t\t\t<div class=\"elementor-column elementor-col-33 elementor-top-column elementor-element elementor-element-e4b4460\" data-id=\"e4b4460\" data-element_type=\"column\" data-e-type=\"column\">\n\t\t\t<div class=\"elementor-widget-wrap\">\n\t\t\t\t\t\t\t<\/div>\n\t\t<\/div>\n\t\t\t\t<div class=\"elementor-column elementor-col-33 elementor-top-column elementor-element elementor-element-96c3bed\" data-id=\"96c3bed\" data-element_type=\"column\" data-e-type=\"column\" data-settings=\"{&quot;background_background&quot;:&quot;classic&quot;}\">\n\t\t\t<div class=\"elementor-widget-wrap elementor-element-populated\">\n\t\t\t\t\t\t<div class=\"elementor-element elementor-element-b945470 elementor-widget elementor-widget-spacer\" data-id=\"b945470\" data-element_type=\"widget\" data-e-type=\"widget\" data-widget_type=\"spacer.default\">\n\t\t\t\t<div class=\"elementor-widget-container\">\n\t\t\t\t\t\t\t<div class=\"elementor-spacer\">\n\t\t\t<div class=\"elementor-spacer-inner\"><\/div>\n\t\t<\/div>\n\t\t\t\t\t\t<\/div>\n\t\t\t\t<\/div>\n\t\t\t\t\t<\/div>\n\t\t<\/div>\n\t\t\t\t\t<\/div>\n\t\t<\/section>\n\t\t\t\t<section class=\"elementor-section elementor-top-section elementor-element elementor-element-fa64739 elementor-reverse-mobile elementor-section-boxed elementor-section-height-default elementor-section-height-default\" data-id=\"fa64739\" data-element_type=\"section\" data-e-type=\"section\" data-settings=\"{&quot;background_background&quot;:&quot;classic&quot;}\">\n\t\t\t\t\t\t<div class=\"elementor-container elementor-column-gap-wider\">\n\t\t\t\t\t<div class=\"elementor-column elementor-col-33 elementor-top-column elementor-element elementor-element-02ec3e5\" data-id=\"02ec3e5\" data-element_type=\"column\" data-e-type=\"column\">\n\t\t\t<div class=\"elementor-widget-wrap elementor-element-populated\">\n\t\t\t\t\t\t<div class=\"elementor-element elementor-element-1a1fd4b elementor-widget elementor-widget-image\" data-id=\"1a1fd4b\" data-element_type=\"widget\" data-e-type=\"widget\" data-settings=\"{&quot;motion_fx_motion_fx_scrolling&quot;:&quot;yes&quot;,&quot;motion_fx_translateX_effect&quot;:&quot;yes&quot;,&quot;motion_fx_translateX_direction&quot;:&quot;negative&quot;,&quot;motion_fx_translateX_speed&quot;:{&quot;unit&quot;:&quot;px&quot;,&quot;size&quot;:1,&quot;sizes&quot;:[]},&quot;motion_fx_translateX_affectedRange&quot;:{&quot;unit&quot;:&quot;%&quot;,&quot;size&quot;:&quot;&quot;,&quot;sizes&quot;:{&quot;start&quot;:0,&quot;end&quot;:58}},&quot;motion_fx_blur_effect&quot;:&quot;yes&quot;,&quot;motion_fx_blur_level&quot;:{&quot;unit&quot;:&quot;px&quot;,&quot;size&quot;:4,&quot;sizes&quot;:[]},&quot;motion_fx_blur_range&quot;:{&quot;unit&quot;:&quot;%&quot;,&quot;size&quot;:&quot;&quot;,&quot;sizes&quot;:{&quot;start&quot;:21,&quot;end&quot;:44}},&quot;motion_fx_blur_direction&quot;:&quot;out-in&quot;,&quot;motion_fx_devices&quot;:[&quot;desktop&quot;,&quot;tablet&quot;,&quot;mobile&quot;]}\" data-widget_type=\"image.default\">\n\t\t\t\t<div class=\"elementor-widget-container\">\n\t\t\t\t\t\t\t\t\t\t\t\t\t\t\t<img decoding=\"async\" width=\"800\" height=\"980\" src=\"https:\/\/interactive.marrobstudio.pl\/pl\/wp-content\/uploads\/2021\/03\/DSC_2867-Copy2-836x1024.jpg\" class=\"attachment-large size-large wp-image-520\" alt=\"\" srcset=\"https:\/\/interactive.marrobstudio.pl\/pl\/wp-content\/uploads\/2021\/03\/DSC_2867-Copy2-836x1024.jpg 836w, https:\/\/interactive.marrobstudio.pl\/pl\/wp-content\/uploads\/2021\/03\/DSC_2867-Copy2-245x300.jpg 245w, https:\/\/interactive.marrobstudio.pl\/pl\/wp-content\/uploads\/2021\/03\/DSC_2867-Copy2-768x941.jpg 768w, https:\/\/interactive.marrobstudio.pl\/pl\/wp-content\/uploads\/2021\/03\/DSC_2867-Copy2.jpg 945w\" sizes=\"(max-width: 800px) 100vw, 800px\" \/>\t\t\t\t\t\t\t\t\t\t\t\t\t\t\t<\/div>\n\t\t\t\t<\/div>\n\t\t\t\t\t<\/div>\n\t\t<\/div>\n\t\t\t\t<div class=\"elementor-column elementor-col-33 elementor-top-column elementor-element elementor-element-589e28c\" data-id=\"589e28c\" data-element_type=\"column\" data-e-type=\"column\">\n\t\t\t<div class=\"elementor-widget-wrap\">\n\t\t\t\t\t\t\t<\/div>\n\t\t<\/div>\n\t\t\t\t<div class=\"elementor-column elementor-col-33 elementor-top-column elementor-element elementor-element-926c4b3\" data-id=\"926c4b3\" data-element_type=\"column\" data-e-type=\"column\">\n\t\t\t<div class=\"elementor-widget-wrap elementor-element-populated\">\n\t\t\t\t\t\t<div class=\"elementor-element elementor-element-30d3590 elementor-widget__width-initial elementor-invisible elementor-widget elementor-widget-heading\" data-id=\"30d3590\" data-element_type=\"widget\" data-e-type=\"widget\" data-settings=\"{&quot;_animation_delay&quot;:500,&quot;_animation&quot;:&quot;fadeIn&quot;}\" data-widget_type=\"heading.default\">\n\t\t\t\t<div class=\"elementor-widget-container\">\n\t\t\t\t\t<div class=\"elementor-heading-title elementor-size-default\">AKADEMIA MARROB StudiO<\/div>\t\t\t\t<\/div>\n\t\t\t\t<\/div>\n\t\t\t\t<div class=\"elementor-element elementor-element-a9eb542 elementor-invisible elementor-widget elementor-widget-heading\" data-id=\"a9eb542\" data-element_type=\"widget\" data-e-type=\"widget\" data-settings=\"{&quot;_animation&quot;:&quot;fadeIn&quot;,&quot;_animation_delay&quot;:800}\" data-widget_type=\"heading.default\">\n\t\t\t\t<div class=\"elementor-widget-container\">\n\t\t\t\t\t<h2 class=\"elementor-heading-title elementor-size-default\">Nasz zesp\u00f3\u0142<\/h2>\t\t\t\t<\/div>\n\t\t\t\t<\/div>\n\t\t\t\t<div class=\"elementor-element elementor-element-d35d404 elementor-widget elementor-widget-text-editor\" data-id=\"d35d404\" data-element_type=\"widget\" data-e-type=\"widget\" data-widget_type=\"text-editor.default\">\n\t\t\t\t<div class=\"elementor-widget-container\">\n\t\t\t\t\t\t\t\t\t<p>Nasza rodzinna firma dzia\u0142a nieprzerwanie od 2016 roku ewoluuj\u0105c i osi\u0105gaj\u0105c coraz wy\u017csze etapy rozwoju. Do\u015bwiadczenie, kt\u00f3re pozyskali\u015bmy przez lata realizuj\u0105c r\u00f3\u017cnorodne przedsi\u0119wzi\u0119cia dla klient\u00f3w, pozwala na sprostanie nawet najwi\u0119kszym ich wymaganiom. Nie obawiamy si\u0119 wyzwa\u0144, ho\u0142duj\u0105c maksymie &#8220;\u017ce cz\u0142owiek uczy si\u0119 ca\u0142e \u017cycie&#8221;.<\/p><p>Posiadamy kilkunastoletnie do\u015bwiadczenie w pracy korporacyjnej, realizuj\u0105c szereg projekt\u00f3w zarz\u0105dczych, procesowych, technologicznych o charakterze operacyjnym, strategicznym oraz mi\u0119dzynarodowym.<\/p><p>Nasz zesp\u00f3\u0142 posiada liczne certyfikaty, m.in.: PRINCE2, LEAN, ISO Auditor.<\/p>\t\t\t\t\t\t\t\t<\/div>\n\t\t\t\t<\/div>\n\t\t\t\t<div class=\"elementor-element elementor-element-73fd99d elementor-invisible elementor-widget elementor-widget-heading\" data-id=\"73fd99d\" data-element_type=\"widget\" data-e-type=\"widget\" data-settings=\"{&quot;_animation&quot;:&quot;fadeIn&quot;,&quot;_animation_delay&quot;:800}\" data-widget_type=\"heading.default\">\n\t\t\t\t<div class=\"elementor-widget-container\">\n\t\t\t\t\t<h4 class=\"elementor-heading-title elementor-size-default\">20+ lat do\u015bwiadczenia zawodowego<\/h4>\t\t\t\t<\/div>\n\t\t\t\t<\/div>\n\t\t\t\t<div class=\"elementor-element elementor-element-ed1388c elementor-widget elementor-widget-text-editor\" data-id=\"ed1388c\" data-element_type=\"widget\" data-e-type=\"widget\" data-widget_type=\"text-editor.default\">\n\t\t\t\t<div class=\"elementor-widget-container\">\n\t\t\t\t\t\t\t\t\tPonad 15 lat pracy w mi\u0119dzynarodowej korporacji, 5 lat w\u0142asnego biznesu pozwala na ci\u0105g\u0142e udoskonalanie procesu prowadzenia szkole\u0144, dzi\u0119ki czemu wsp\u00f3\u0142praca z nami jest sprawna, dynamiczna i skuteczna. Poprzez nasze dzia\u0142ania edukacyjne inspirujemy i wspieramy wprowadzanie zmian.\t\t\t\t\t\t\t\t<\/div>\n\t\t\t\t<\/div>\n\t\t\t\t\t<\/div>\n\t\t<\/div>\n\t\t\t\t\t<\/div>\n\t\t<\/section>\n\t\t\t\t<\/div>\n\t\t","protected":false},"excerpt":{"rendered":"<p>AKADEMIA MARROB StudiO Us\u0142ugi edukacyjne i szkoleniowe Akademia MARROB Studio odpowiada na zapotrzebowanie rynku, aby praktyczne zdobywanie umiej\u0119tno\u015bci by\u0142o poparte wiedz\u0105, a szkolenia nie by\u0142y tylko teoretyczne ale po\u0142\u0105czone z \u0107wiczeniami praktycznymi i warsztatami. Co nas wyr\u00f3\u017cnia? Jeste\u015bmy elastyczni i ka\u017cdego z naszych Klient\u00f3w traktujemy indywidualnie. Spos\u00f3b wsp\u00f3\u0142pracy zawsze dostosowujemy do wymaga\u0144 i mo\u017cliwo\u015bci Klienta. [&hellip;]<\/p>\n","protected":false},"author":4,"featured_media":0,"parent":0,"menu_order":0,"comment_status":"closed","ping_status":"closed","template":"","meta":{"_acf_changed":false,"footnotes":""},"class_list":["post-757","page","type-page","status-publish","hentry"],"acf":[],"_links":{"self":[{"href":"https:\/\/interactive.marrobstudio.pl\/pl\/wp-json\/wp\/v2\/pages\/757","targetHints":{"allow":["GET"]}}],"collection":[{"href":"https:\/\/interactive.marrobstudio.pl\/pl\/wp-json\/wp\/v2\/pages"}],"about":[{"href":"https:\/\/interactive.marrobstudio.pl\/pl\/wp-json\/wp\/v2\/types\/page"}],"author":[{"embeddable":true,"href":"https:\/\/interactive.marrobstudio.pl\/pl\/wp-json\/wp\/v2\/users\/4"}],"replies":[{"embeddable":true,"href":"https:\/\/interactive.marrobstudio.pl\/pl\/wp-json\/wp\/v2\/comments?post=757"}],"version-history":[{"count":106,"href":"https:\/\/interactive.marrobstudio.pl\/pl\/wp-json\/wp\/v2\/pages\/757\/revisions"}],"predecessor-version":[{"id":871,"href":"https:\/\/interactive.marrobstudio.pl\/pl\/wp-json\/wp\/v2\/pages\/757\/revisions\/871"}],"wp:attachment":[{"href":"https:\/\/interactive.marrobstudio.pl\/pl\/wp-json\/wp\/v2\/media?parent=757"}],"curies":[{"name":"wp","href":"https:\/\/api.w.org\/{rel}","templated":true}]}}