{"id":47,"date":"2020-09-28T13:42:22","date_gmt":"2020-09-28T11:42:22","guid":{"rendered":"https:\/\/interactive.marrobstudio.pl\/pl\/?page_id=47"},"modified":"2025-11-19T19:59:47","modified_gmt":"2025-11-19T18:59:47","slug":"case-studies","status":"publish","type":"page","link":"https:\/\/interactive.marrobstudio.pl\/pl\/case-studies\/","title":{"rendered":"Case Studies"},"content":{"rendered":"\t\t<div data-elementor-type=\"wp-page\" data-elementor-id=\"47\" class=\"elementor elementor-47\" data-elementor-post-type=\"page\">\n\t\t\t\t\t\t<section class=\"elementor-section elementor-top-section elementor-element elementor-element-115a772 elementor-section-boxed elementor-section-height-default elementor-section-height-default\" data-id=\"115a772\" data-element_type=\"section\" data-e-type=\"section\">\n\t\t\t\t\t\t<div class=\"elementor-container elementor-column-gap-default\">\n\t\t\t\t\t<div class=\"elementor-column elementor-col-100 elementor-top-column elementor-element elementor-element-eec214f\" data-id=\"eec214f\" data-element_type=\"column\" data-e-type=\"column\">\n\t\t\t<div class=\"elementor-widget-wrap elementor-element-populated\">\n\t\t\t\t\t\t<div class=\"elementor-element elementor-element-23c4e6c elementor-widget elementor-widget-heading\" data-id=\"23c4e6c\" data-element_type=\"widget\" data-e-type=\"widget\" data-widget_type=\"heading.default\">\n\t\t\t\t<div class=\"elementor-widget-container\">\n\t\t\t\t\t<h1 class=\"elementor-heading-title elementor-size-default\">Nasze realizacje<\/h1>\t\t\t\t<\/div>\n\t\t\t\t<\/div>\n\t\t\t\t\t<\/div>\n\t\t<\/div>\n\t\t\t\t\t<\/div>\n\t\t<\/section>\n\t\t\t\t<section class=\"elementor-section elementor-top-section elementor-element elementor-element-65af482 elementor-section-boxed elementor-section-height-default elementor-section-height-default\" data-id=\"65af482\" data-element_type=\"section\" data-e-type=\"section\" data-settings=\"{&quot;background_background&quot;:&quot;classic&quot;}\">\n\t\t\t\t\t\t<div class=\"elementor-container elementor-column-gap-wider\">\n\t\t\t\t\t<div class=\"elementor-column elementor-col-100 elementor-top-column elementor-element elementor-element-16a702bd\" data-id=\"16a702bd\" data-element_type=\"column\" data-e-type=\"column\" data-settings=\"{&quot;background_background&quot;:&quot;classic&quot;}\">\n\t\t\t<div class=\"elementor-widget-wrap elementor-element-populated\">\n\t\t\t\t\t<div class=\"elementor-background-overlay\"><\/div>\n\t\t\t\t\t\t<div class=\"elementor-element elementor-element-76d66004 elementor-grid-3 elementor-grid-tablet-2 elementor-grid-mobile-1 elementor-posts--thumbnail-top elementor-card-shadow-yes elementor-posts__hover-gradient elementor-widget elementor-widget-posts\" data-id=\"76d66004\" data-element_type=\"widget\" data-e-type=\"widget\" data-settings=\"{&quot;pagination_type&quot;:&quot;numbers&quot;,&quot;cards_columns&quot;:&quot;3&quot;,&quot;cards_columns_tablet&quot;:&quot;2&quot;,&quot;cards_columns_mobile&quot;:&quot;1&quot;,&quot;cards_row_gap&quot;:{&quot;unit&quot;:&quot;px&quot;,&quot;size&quot;:35,&quot;sizes&quot;:[]},&quot;cards_row_gap_tablet&quot;:{&quot;unit&quot;:&quot;px&quot;,&quot;size&quot;:&quot;&quot;,&quot;sizes&quot;:[]},&quot;cards_row_gap_mobile&quot;:{&quot;unit&quot;:&quot;px&quot;,&quot;size&quot;:&quot;&quot;,&quot;sizes&quot;:[]}}\" data-widget_type=\"posts.cards\">\n\t\t\t\t<div class=\"elementor-widget-container\">\n\t\t\t\t\t\t\t<div class=\"elementor-posts-container elementor-posts elementor-posts--skin-cards elementor-grid\" role=\"list\">\n\t\t\t\t<article class=\"elementor-post elementor-grid-item post-2581 post type-post status-publish format-standard has-post-thumbnail hentry category-case-study category-strony-www-i-portale\" role=\"listitem\">\n\t\t\t<div class=\"elementor-post__card\">\n\t\t\t\t<a class=\"elementor-post__thumbnail__link\" href=\"https:\/\/interactive.marrobstudio.pl\/pl\/case-study\/budowa-strony-www-dom-pracy-tworczej-im-jerzego-pilcha\/\" tabindex=\"-1\" ><div class=\"elementor-post__thumbnail\"><img fetchpriority=\"high\" decoding=\"async\" width=\"2560\" height=\"1440\" src=\"https:\/\/interactive.marrobstudio.pl\/pl\/wp-content\/uploads\/dom_pilcha-01-01-scaled.jpg\" class=\"attachment-full size-full wp-image-2583\" alt=\"\" srcset=\"https:\/\/interactive.marrobstudio.pl\/pl\/wp-content\/uploads\/dom_pilcha-01-01-scaled.jpg 2560w, https:\/\/interactive.marrobstudio.pl\/pl\/wp-content\/uploads\/dom_pilcha-01-01-300x169.jpg 300w, https:\/\/interactive.marrobstudio.pl\/pl\/wp-content\/uploads\/dom_pilcha-01-01-1024x576.jpg 1024w, https:\/\/interactive.marrobstudio.pl\/pl\/wp-content\/uploads\/dom_pilcha-01-01-768x432.jpg 768w, https:\/\/interactive.marrobstudio.pl\/pl\/wp-content\/uploads\/dom_pilcha-01-01-1536x864.jpg 1536w, https:\/\/interactive.marrobstudio.pl\/pl\/wp-content\/uploads\/dom_pilcha-01-01-2048x1152.jpg 2048w\" sizes=\"(max-width: 2560px) 100vw, 2560px\" \/><\/div><\/a>\n\t\t\t\t<div class=\"elementor-post__text\">\n\t\t\t\t<h3 class=\"elementor-post__title\">\n\t\t\t<a href=\"https:\/\/interactive.marrobstudio.pl\/pl\/case-study\/budowa-strony-www-dom-pracy-tworczej-im-jerzego-pilcha\/\" >\n\t\t\t\tBudowa strony www &#8211; Dom Pracy Tw\u00f3rczej im. Jerzego Pilcha\t\t\t<\/a>\n\t\t<\/h3>\n\t\t\n\t\t<a class=\"elementor-post__read-more\" href=\"https:\/\/interactive.marrobstudio.pl\/pl\/case-study\/budowa-strony-www-dom-pracy-tworczej-im-jerzego-pilcha\/\" aria-label=\"Read more about Budowa strony www &#8211; Dom Pracy Tw\u00f3rczej im. Jerzego Pilcha\" tabindex=\"-1\" >\n\t\t\tSzczeg\u00f3\u0142y \u00bb\t\t<\/a>\n\n\t\t\t\t<\/div>\n\t\t\t\t<div class=\"elementor-post__meta-data\">\n\t\t\t\t\t<span class=\"elementor-post-date\">\n\t\t\t5 March 2026\t\t<\/span>\n\t\t\t\t<\/div>\n\t\t\t\t\t<\/div>\n\t\t<\/article>\n\t\t\t\t<article class=\"elementor-post elementor-grid-item post-2559 post type-post status-publish format-standard has-post-thumbnail hentry category-case-study category-strony-www-i-portale\" role=\"listitem\">\n\t\t\t<div class=\"elementor-post__card\">\n\t\t\t\t<a class=\"elementor-post__thumbnail__link\" href=\"https:\/\/interactive.marrobstudio.pl\/pl\/case-study\/budowa-strony-www-kwiaciarnia-malgorzata-w-wisle\/\" tabindex=\"-1\" ><div class=\"elementor-post__thumbnail\"><img decoding=\"async\" width=\"2560\" height=\"1440\" src=\"https:\/\/interactive.marrobstudio.pl\/pl\/wp-content\/uploads\/strona_www_kwiaciarnia_Malgorzata_wisla-01-scaled.jpg\" class=\"attachment-full size-full wp-image-2560\" alt=\"\" srcset=\"https:\/\/interactive.marrobstudio.pl\/pl\/wp-content\/uploads\/strona_www_kwiaciarnia_Malgorzata_wisla-01-scaled.jpg 2560w, https:\/\/interactive.marrobstudio.pl\/pl\/wp-content\/uploads\/strona_www_kwiaciarnia_Malgorzata_wisla-01-300x169.jpg 300w, https:\/\/interactive.marrobstudio.pl\/pl\/wp-content\/uploads\/strona_www_kwiaciarnia_Malgorzata_wisla-01-1024x576.jpg 1024w, https:\/\/interactive.marrobstudio.pl\/pl\/wp-content\/uploads\/strona_www_kwiaciarnia_Malgorzata_wisla-01-768x432.jpg 768w, https:\/\/interactive.marrobstudio.pl\/pl\/wp-content\/uploads\/strona_www_kwiaciarnia_Malgorzata_wisla-01-1536x864.jpg 1536w, https:\/\/interactive.marrobstudio.pl\/pl\/wp-content\/uploads\/strona_www_kwiaciarnia_Malgorzata_wisla-01-2048x1152.jpg 2048w\" sizes=\"(max-width: 2560px) 100vw, 2560px\" \/><\/div><\/a>\n\t\t\t\t<div class=\"elementor-post__text\">\n\t\t\t\t<h3 class=\"elementor-post__title\">\n\t\t\t<a href=\"https:\/\/interactive.marrobstudio.pl\/pl\/case-study\/budowa-strony-www-kwiaciarnia-malgorzata-w-wisle\/\" >\n\t\t\t\tBudowa strony www &#8211; Kwiaciarnia Ma\u0142gorzata w Wi\u015ble\t\t\t<\/a>\n\t\t<\/h3>\n\t\t\n\t\t<a class=\"elementor-post__read-more\" href=\"https:\/\/interactive.marrobstudio.pl\/pl\/case-study\/budowa-strony-www-kwiaciarnia-malgorzata-w-wisle\/\" aria-label=\"Read more about Budowa strony www &#8211; Kwiaciarnia Ma\u0142gorzata w Wi\u015ble\" tabindex=\"-1\" >\n\t\t\tSzczeg\u00f3\u0142y \u00bb\t\t<\/a>\n\n\t\t\t\t<\/div>\n\t\t\t\t<div class=\"elementor-post__meta-data\">\n\t\t\t\t\t<span class=\"elementor-post-date\">\n\t\t\t4 February 2026\t\t<\/span>\n\t\t\t\t<\/div>\n\t\t\t\t\t<\/div>\n\t\t<\/article>\n\t\t\t\t<article class=\"elementor-post elementor-grid-item post-2693 post type-post status-publish format-standard has-post-thumbnail hentry category-case-study category-hybrydowa-promocja-turystyki\" role=\"listitem\">\n\t\t\t<div class=\"elementor-post__card\">\n\t\t\t\t<a class=\"elementor-post__thumbnail__link\" href=\"https:\/\/interactive.marrobstudio.pl\/pl\/case-study\/folder-promocyjny-z-rodzina-u-zrodel-7-odslon-wisly\/\" tabindex=\"-1\" ><div class=\"elementor-post__thumbnail\"><img decoding=\"async\" width=\"2560\" height=\"1440\" src=\"https:\/\/interactive.marrobstudio.pl\/pl\/wp-content\/uploads\/folder_wisla_2026_na-www-scaled.jpg\" class=\"attachment-full size-full wp-image-2694\" alt=\"\" srcset=\"https:\/\/interactive.marrobstudio.pl\/pl\/wp-content\/uploads\/folder_wisla_2026_na-www-scaled.jpg 2560w, https:\/\/interactive.marrobstudio.pl\/pl\/wp-content\/uploads\/folder_wisla_2026_na-www-300x169.jpg 300w, https:\/\/interactive.marrobstudio.pl\/pl\/wp-content\/uploads\/folder_wisla_2026_na-www-1024x576.jpg 1024w, https:\/\/interactive.marrobstudio.pl\/pl\/wp-content\/uploads\/folder_wisla_2026_na-www-768x432.jpg 768w, https:\/\/interactive.marrobstudio.pl\/pl\/wp-content\/uploads\/folder_wisla_2026_na-www-1536x864.jpg 1536w, https:\/\/interactive.marrobstudio.pl\/pl\/wp-content\/uploads\/folder_wisla_2026_na-www-2048x1152.jpg 2048w\" sizes=\"(max-width: 2560px) 100vw, 2560px\" \/><\/div><\/a>\n\t\t\t\t<div class=\"elementor-post__text\">\n\t\t\t\t<h3 class=\"elementor-post__title\">\n\t\t\t<a href=\"https:\/\/interactive.marrobstudio.pl\/pl\/case-study\/folder-promocyjny-z-rodzina-u-zrodel-7-odslon-wisly\/\" >\n\t\t\t\tFolder promocyjny &#8220;Z rodzin\u0105 u \u017ar\u00f3de\u0142 &#8211; 7 ods\u0142on Wis\u0142y&#8221;\t\t\t<\/a>\n\t\t<\/h3>\n\t\t\n\t\t<a class=\"elementor-post__read-more\" href=\"https:\/\/interactive.marrobstudio.pl\/pl\/case-study\/folder-promocyjny-z-rodzina-u-zrodel-7-odslon-wisly\/\" aria-label=\"Read more about Folder promocyjny &#8220;Z rodzin\u0105 u \u017ar\u00f3de\u0142 &#8211; 7 ods\u0142on Wis\u0142y&#8221;\" tabindex=\"-1\" >\n\t\t\tSzczeg\u00f3\u0142y \u00bb\t\t<\/a>\n\n\t\t\t\t<\/div>\n\t\t\t\t<div class=\"elementor-post__meta-data\">\n\t\t\t\t\t<span class=\"elementor-post-date\">\n\t\t\t29 December 2025\t\t<\/span>\n\t\t\t\t<\/div>\n\t\t\t\t\t<\/div>\n\t\t<\/article>\n\t\t\t\t<article class=\"elementor-post elementor-grid-item post-2570 post type-post status-publish format-standard has-post-thumbnail hentry category-case-study category-strony-www-i-portale\" role=\"listitem\">\n\t\t\t<div class=\"elementor-post__card\">\n\t\t\t\t<a class=\"elementor-post__thumbnail__link\" href=\"https:\/\/interactive.marrobstudio.pl\/pl\/case-study\/budowa-strony-www-kwiaciarnia-malgorzata-w-wisle-2\/\" tabindex=\"-1\" ><div class=\"elementor-post__thumbnail\"><img loading=\"lazy\" decoding=\"async\" width=\"2560\" height=\"1440\" src=\"https:\/\/interactive.marrobstudio.pl\/pl\/wp-content\/uploads\/sklep_GG-01-scaled.jpg\" class=\"attachment-full size-full wp-image-2571\" alt=\"\" srcset=\"https:\/\/interactive.marrobstudio.pl\/pl\/wp-content\/uploads\/sklep_GG-01-scaled.jpg 2560w, https:\/\/interactive.marrobstudio.pl\/pl\/wp-content\/uploads\/sklep_GG-01-300x169.jpg 300w, https:\/\/interactive.marrobstudio.pl\/pl\/wp-content\/uploads\/sklep_GG-01-1024x576.jpg 1024w, https:\/\/interactive.marrobstudio.pl\/pl\/wp-content\/uploads\/sklep_GG-01-768x432.jpg 768w, https:\/\/interactive.marrobstudio.pl\/pl\/wp-content\/uploads\/sklep_GG-01-1536x864.jpg 1536w, https:\/\/interactive.marrobstudio.pl\/pl\/wp-content\/uploads\/sklep_GG-01-2048x1152.jpg 2048w\" sizes=\"(max-width: 2560px) 100vw, 2560px\" \/><\/div><\/a>\n\t\t\t\t<div class=\"elementor-post__text\">\n\t\t\t\t<h3 class=\"elementor-post__title\">\n\t\t\t<a href=\"https:\/\/interactive.marrobstudio.pl\/pl\/case-study\/budowa-strony-www-kwiaciarnia-malgorzata-w-wisle-2\/\" >\n\t\t\t\tBudowa sklepu internetowego &#8211; Festiwal Granatowe G\u00f3ry w Wi\u015ble\t\t\t<\/a>\n\t\t<\/h3>\n\t\t\n\t\t<a class=\"elementor-post__read-more\" href=\"https:\/\/interactive.marrobstudio.pl\/pl\/case-study\/budowa-strony-www-kwiaciarnia-malgorzata-w-wisle-2\/\" aria-label=\"Read more about Budowa sklepu internetowego &#8211; Festiwal Granatowe G\u00f3ry w Wi\u015ble\" tabindex=\"-1\" >\n\t\t\tSzczeg\u00f3\u0142y \u00bb\t\t<\/a>\n\n\t\t\t\t<\/div>\n\t\t\t\t<div class=\"elementor-post__meta-data\">\n\t\t\t\t\t<span class=\"elementor-post-date\">\n\t\t\t20 December 2025\t\t<\/span>\n\t\t\t\t<\/div>\n\t\t\t\t\t<\/div>\n\t\t<\/article>\n\t\t\t\t<article class=\"elementor-post elementor-grid-item post-2588 post type-post status-publish format-standard has-post-thumbnail hentry category-case-study category-hybrydowa-promocja-turystyki\" role=\"listitem\">\n\t\t\t<div class=\"elementor-post__card\">\n\t\t\t\t<a class=\"elementor-post__thumbnail__link\" href=\"https:\/\/interactive.marrobstudio.pl\/pl\/case-study\/gadzety-promocyjne-dla-habsburskiej-osady-gospodarczej\/\" tabindex=\"-1\" ><div class=\"elementor-post__thumbnail\"><img loading=\"lazy\" decoding=\"async\" width=\"1280\" height=\"720\" src=\"https:\/\/interactive.marrobstudio.pl\/pl\/wp-content\/uploads\/gadzety_dla_HOG.jpg\" class=\"attachment-full size-full wp-image-2589\" alt=\"\" srcset=\"https:\/\/interactive.marrobstudio.pl\/pl\/wp-content\/uploads\/gadzety_dla_HOG.jpg 1280w, https:\/\/interactive.marrobstudio.pl\/pl\/wp-content\/uploads\/gadzety_dla_HOG-300x169.jpg 300w, https:\/\/interactive.marrobstudio.pl\/pl\/wp-content\/uploads\/gadzety_dla_HOG-1024x576.jpg 1024w, https:\/\/interactive.marrobstudio.pl\/pl\/wp-content\/uploads\/gadzety_dla_HOG-768x432.jpg 768w\" sizes=\"(max-width: 1280px) 100vw, 1280px\" \/><\/div><\/a>\n\t\t\t\t<div class=\"elementor-post__text\">\n\t\t\t\t<h3 class=\"elementor-post__title\">\n\t\t\t<a href=\"https:\/\/interactive.marrobstudio.pl\/pl\/case-study\/gadzety-promocyjne-dla-habsburskiej-osady-gospodarczej\/\" >\n\t\t\t\tGad\u017cety promocyjne dla Habsburskiej osady gospodarczej\t\t\t<\/a>\n\t\t<\/h3>\n\t\t\n\t\t<a class=\"elementor-post__read-more\" href=\"https:\/\/interactive.marrobstudio.pl\/pl\/case-study\/gadzety-promocyjne-dla-habsburskiej-osady-gospodarczej\/\" aria-label=\"Read more about Gad\u017cety promocyjne dla Habsburskiej osady gospodarczej\" tabindex=\"-1\" >\n\t\t\tSzczeg\u00f3\u0142y \u00bb\t\t<\/a>\n\n\t\t\t\t<\/div>\n\t\t\t\t<div class=\"elementor-post__meta-data\">\n\t\t\t\t\t<span class=\"elementor-post-date\">\n\t\t\t15 December 2025\t\t<\/span>\n\t\t\t\t<\/div>\n\t\t\t\t\t<\/div>\n\t\t<\/article>\n\t\t\t\t<article class=\"elementor-post elementor-grid-item post-2198 post type-post status-publish format-standard has-post-thumbnail hentry category-case-study category-hybrydowa-promocja-turystyki\" role=\"listitem\">\n\t\t\t<div class=\"elementor-post__card\">\n\t\t\t\t<a class=\"elementor-post__thumbnail__link\" href=\"https:\/\/interactive.marrobstudio.pl\/pl\/case-study\/kampania-promocyjno-informacyjna-projektu-droga-drewna-wsrod-zabytkow-architektury-drewnianej-i-dziedzictwa-przyrodniczego-w-wisle-i-ruzomberoku\/\" tabindex=\"-1\" ><div class=\"elementor-post__thumbnail\"><img loading=\"lazy\" decoding=\"async\" width=\"2560\" height=\"1440\" src=\"https:\/\/interactive.marrobstudio.pl\/pl\/wp-content\/uploads\/Kampania_promocyjna_projekt_UM_Wisla-01-scaled.jpg\" class=\"attachment-full size-full wp-image-2199\" alt=\"\" srcset=\"https:\/\/interactive.marrobstudio.pl\/pl\/wp-content\/uploads\/Kampania_promocyjna_projekt_UM_Wisla-01-scaled.jpg 2560w, https:\/\/interactive.marrobstudio.pl\/pl\/wp-content\/uploads\/Kampania_promocyjna_projekt_UM_Wisla-01-300x169.jpg 300w, https:\/\/interactive.marrobstudio.pl\/pl\/wp-content\/uploads\/Kampania_promocyjna_projekt_UM_Wisla-01-1024x576.jpg 1024w, https:\/\/interactive.marrobstudio.pl\/pl\/wp-content\/uploads\/Kampania_promocyjna_projekt_UM_Wisla-01-768x432.jpg 768w, https:\/\/interactive.marrobstudio.pl\/pl\/wp-content\/uploads\/Kampania_promocyjna_projekt_UM_Wisla-01-1536x864.jpg 1536w, https:\/\/interactive.marrobstudio.pl\/pl\/wp-content\/uploads\/Kampania_promocyjna_projekt_UM_Wisla-01-2048x1152.jpg 2048w\" sizes=\"(max-width: 2560px) 100vw, 2560px\" \/><\/div><\/a>\n\t\t\t\t<div class=\"elementor-post__text\">\n\t\t\t\t<h3 class=\"elementor-post__title\">\n\t\t\t<a href=\"https:\/\/interactive.marrobstudio.pl\/pl\/case-study\/kampania-promocyjno-informacyjna-projektu-droga-drewna-wsrod-zabytkow-architektury-drewnianej-i-dziedzictwa-przyrodniczego-w-wisle-i-ruzomberoku\/\" >\n\t\t\t\tKampania promocyjno-informacyjna projektu &#8220;Drog\u0105 drewna w\u015br\u00f3d zabytk\u00f3w architektury drewnianej i dziedzictwa przyrodniczego w Wi\u015ble i Ru\u017comberoku&#8221;\t\t\t<\/a>\n\t\t<\/h3>\n\t\t\n\t\t<a class=\"elementor-post__read-more\" href=\"https:\/\/interactive.marrobstudio.pl\/pl\/case-study\/kampania-promocyjno-informacyjna-projektu-droga-drewna-wsrod-zabytkow-architektury-drewnianej-i-dziedzictwa-przyrodniczego-w-wisle-i-ruzomberoku\/\" aria-label=\"Read more about Kampania promocyjno-informacyjna projektu &#8220;Drog\u0105 drewna w\u015br\u00f3d zabytk\u00f3w architektury drewnianej i dziedzictwa przyrodniczego w Wi\u015ble i Ru\u017comberoku&#8221;\" tabindex=\"-1\" >\n\t\t\tSzczeg\u00f3\u0142y \u00bb\t\t<\/a>\n\n\t\t\t\t<\/div>\n\t\t\t\t<div class=\"elementor-post__meta-data\">\n\t\t\t\t\t<span class=\"elementor-post-date\">\n\t\t\t20 August 2025\t\t<\/span>\n\t\t\t\t<\/div>\n\t\t\t\t\t<\/div>\n\t\t<\/article>\n\t\t\t\t<article class=\"elementor-post elementor-grid-item post-2155 post type-post status-publish format-standard has-post-thumbnail hentry category-case-study category-hybrydowa-promocja-turystyki\" role=\"listitem\">\n\t\t\t<div class=\"elementor-post__card\">\n\t\t\t\t<a class=\"elementor-post__thumbnail__link\" href=\"https:\/\/interactive.marrobstudio.pl\/pl\/case-study\/projekt-tablicy-informacyjnej-wraz-z-mapa-wisly-i-atrakcjami-miasta\/\" tabindex=\"-1\" ><div class=\"elementor-post__thumbnail\"><img loading=\"lazy\" decoding=\"async\" width=\"1280\" height=\"720\" src=\"https:\/\/interactive.marrobstudio.pl\/pl\/wp-content\/uploads\/2025\/04\/mapa-wisla-tablica.jpg\" class=\"attachment-full size-full wp-image-2156\" alt=\"\" srcset=\"https:\/\/interactive.marrobstudio.pl\/pl\/wp-content\/uploads\/2025\/04\/mapa-wisla-tablica.jpg 1280w, https:\/\/interactive.marrobstudio.pl\/pl\/wp-content\/uploads\/2025\/04\/mapa-wisla-tablica-300x169.jpg 300w, https:\/\/interactive.marrobstudio.pl\/pl\/wp-content\/uploads\/2025\/04\/mapa-wisla-tablica-1024x576.jpg 1024w, https:\/\/interactive.marrobstudio.pl\/pl\/wp-content\/uploads\/2025\/04\/mapa-wisla-tablica-768x432.jpg 768w\" sizes=\"(max-width: 1280px) 100vw, 1280px\" \/><\/div><\/a>\n\t\t\t\t<div class=\"elementor-post__text\">\n\t\t\t\t<h3 class=\"elementor-post__title\">\n\t\t\t<a href=\"https:\/\/interactive.marrobstudio.pl\/pl\/case-study\/projekt-tablicy-informacyjnej-wraz-z-mapa-wisly-i-atrakcjami-miasta\/\" >\n\t\t\t\tProjekt tablicy informacyjnej wraz z map\u0105 Wis\u0142y i atrakcjami miasta\t\t\t<\/a>\n\t\t<\/h3>\n\t\t\n\t\t<a class=\"elementor-post__read-more\" href=\"https:\/\/interactive.marrobstudio.pl\/pl\/case-study\/projekt-tablicy-informacyjnej-wraz-z-mapa-wisly-i-atrakcjami-miasta\/\" aria-label=\"Read more about Projekt tablicy informacyjnej wraz z map\u0105 Wis\u0142y i atrakcjami miasta\" tabindex=\"-1\" >\n\t\t\tSzczeg\u00f3\u0142y \u00bb\t\t<\/a>\n\n\t\t\t\t<\/div>\n\t\t\t\t<div class=\"elementor-post__meta-data\">\n\t\t\t\t\t<span class=\"elementor-post-date\">\n\t\t\t15 April 2025\t\t<\/span>\n\t\t\t\t<\/div>\n\t\t\t\t\t<\/div>\n\t\t<\/article>\n\t\t\t\t<article class=\"elementor-post elementor-grid-item post-2073 post type-post status-publish format-standard has-post-thumbnail hentry category-case-study category-strony-www-i-portale\" role=\"listitem\">\n\t\t\t<div class=\"elementor-post__card\">\n\t\t\t\t<a class=\"elementor-post__thumbnail__link\" href=\"https:\/\/interactive.marrobstudio.pl\/pl\/case-study\/budowa-strony-www-spoldzielnia-socjalna-wisla-otwarta-turystycznie\/\" tabindex=\"-1\" ><div class=\"elementor-post__thumbnail\"><img loading=\"lazy\" decoding=\"async\" width=\"5334\" height=\"3000\" src=\"https:\/\/interactive.marrobstudio.pl\/pl\/wp-content\/uploads\/2025\/04\/spoldzielnia_wisla.png\" class=\"attachment-full size-full wp-image-2074\" alt=\"\" srcset=\"https:\/\/interactive.marrobstudio.pl\/pl\/wp-content\/uploads\/2025\/04\/spoldzielnia_wisla.png 5334w, https:\/\/interactive.marrobstudio.pl\/pl\/wp-content\/uploads\/2025\/04\/spoldzielnia_wisla-300x169.png 300w, https:\/\/interactive.marrobstudio.pl\/pl\/wp-content\/uploads\/2025\/04\/spoldzielnia_wisla-1024x576.png 1024w, https:\/\/interactive.marrobstudio.pl\/pl\/wp-content\/uploads\/2025\/04\/spoldzielnia_wisla-768x432.png 768w, https:\/\/interactive.marrobstudio.pl\/pl\/wp-content\/uploads\/2025\/04\/spoldzielnia_wisla-1536x864.png 1536w, https:\/\/interactive.marrobstudio.pl\/pl\/wp-content\/uploads\/2025\/04\/spoldzielnia_wisla-2048x1152.png 2048w\" sizes=\"(max-width: 5334px) 100vw, 5334px\" \/><\/div><\/a>\n\t\t\t\t<div class=\"elementor-post__text\">\n\t\t\t\t<h3 class=\"elementor-post__title\">\n\t\t\t<a href=\"https:\/\/interactive.marrobstudio.pl\/pl\/case-study\/budowa-strony-www-spoldzielnia-socjalna-wisla-otwarta-turystycznie\/\" >\n\t\t\t\tBudowa strony www &#8211; Sp\u00f3\u0142dzielnia Socjalna Wis\u0142a Otwarta Turystycznie\t\t\t<\/a>\n\t\t<\/h3>\n\t\t\n\t\t<a class=\"elementor-post__read-more\" href=\"https:\/\/interactive.marrobstudio.pl\/pl\/case-study\/budowa-strony-www-spoldzielnia-socjalna-wisla-otwarta-turystycznie\/\" aria-label=\"Read more about Budowa strony www &#8211; Sp\u00f3\u0142dzielnia Socjalna Wis\u0142a Otwarta Turystycznie\" tabindex=\"-1\" >\n\t\t\tSzczeg\u00f3\u0142y \u00bb\t\t<\/a>\n\n\t\t\t\t<\/div>\n\t\t\t\t<div class=\"elementor-post__meta-data\">\n\t\t\t\t\t<span class=\"elementor-post-date\">\n\t\t\t7 April 2025\t\t<\/span>\n\t\t\t\t<\/div>\n\t\t\t\t\t<\/div>\n\t\t<\/article>\n\t\t\t\t<article class=\"elementor-post elementor-grid-item post-2064 post type-post status-publish format-standard has-post-thumbnail hentry category-case-study category-strony-www-i-portale\" role=\"listitem\">\n\t\t\t<div class=\"elementor-post__card\">\n\t\t\t\t<a class=\"elementor-post__thumbnail__link\" href=\"https:\/\/interactive.marrobstudio.pl\/pl\/case-study\/budowa-strony-www-stowarzyszenie-7-dolin\/\" tabindex=\"-1\" ><div class=\"elementor-post__thumbnail\"><img loading=\"lazy\" decoding=\"async\" width=\"5334\" height=\"3000\" src=\"https:\/\/interactive.marrobstudio.pl\/pl\/wp-content\/uploads\/2025\/04\/stowarzyszenie_7_dolin.png\" class=\"attachment-full size-full wp-image-2065\" alt=\"\" srcset=\"https:\/\/interactive.marrobstudio.pl\/pl\/wp-content\/uploads\/2025\/04\/stowarzyszenie_7_dolin.png 5334w, https:\/\/interactive.marrobstudio.pl\/pl\/wp-content\/uploads\/2025\/04\/stowarzyszenie_7_dolin-300x169.png 300w, https:\/\/interactive.marrobstudio.pl\/pl\/wp-content\/uploads\/2025\/04\/stowarzyszenie_7_dolin-1024x576.png 1024w, https:\/\/interactive.marrobstudio.pl\/pl\/wp-content\/uploads\/2025\/04\/stowarzyszenie_7_dolin-768x432.png 768w, https:\/\/interactive.marrobstudio.pl\/pl\/wp-content\/uploads\/2025\/04\/stowarzyszenie_7_dolin-1536x864.png 1536w, https:\/\/interactive.marrobstudio.pl\/pl\/wp-content\/uploads\/2025\/04\/stowarzyszenie_7_dolin-2048x1152.png 2048w\" sizes=\"(max-width: 5334px) 100vw, 5334px\" \/><\/div><\/a>\n\t\t\t\t<div class=\"elementor-post__text\">\n\t\t\t\t<h3 class=\"elementor-post__title\">\n\t\t\t<a href=\"https:\/\/interactive.marrobstudio.pl\/pl\/case-study\/budowa-strony-www-stowarzyszenie-7-dolin\/\" >\n\t\t\t\tBudowa strony www &#8211; Stowarzyszenie 7 Dolin\t\t\t<\/a>\n\t\t<\/h3>\n\t\t\n\t\t<a class=\"elementor-post__read-more\" href=\"https:\/\/interactive.marrobstudio.pl\/pl\/case-study\/budowa-strony-www-stowarzyszenie-7-dolin\/\" aria-label=\"Read more about Budowa strony www &#8211; Stowarzyszenie 7 Dolin\" tabindex=\"-1\" >\n\t\t\tSzczeg\u00f3\u0142y \u00bb\t\t<\/a>\n\n\t\t\t\t<\/div>\n\t\t\t\t<div class=\"elementor-post__meta-data\">\n\t\t\t\t\t<span class=\"elementor-post-date\">\n\t\t\t7 April 2025\t\t<\/span>\n\t\t\t\t<\/div>\n\t\t\t\t\t<\/div>\n\t\t<\/article>\n\t\t\t\t<\/div>\n\t\t\n\t\t\t\t<div class=\"e-load-more-anchor\" data-page=\"1\" data-max-page=\"8\" data-next-page=\"https:\/\/interactive.marrobstudio.pl\/pl\/wp-json\/wp\/v2\/pages\/47\/page\/2\/\"><\/div>\n\t\t\t\t<nav class=\"elementor-pagination\" aria-label=\"Pagination\">\n\t\t\t<span aria-current=\"page\" class=\"page-numbers current\"><span class=\"elementor-screen-only\">Page<\/span>1<\/span>\n<a class=\"page-numbers\" href=\"https:\/\/interactive.marrobstudio.pl\/pl\/wp-json\/wp\/v2\/pages\/47\/page\/2\/\"><span class=\"elementor-screen-only\">Page<\/span>2<\/a>\n<a class=\"page-numbers\" href=\"https:\/\/interactive.marrobstudio.pl\/pl\/wp-json\/wp\/v2\/pages\/47\/page\/3\/\"><span class=\"elementor-screen-only\">Page<\/span>3<\/a>\n<a class=\"page-numbers\" href=\"https:\/\/interactive.marrobstudio.pl\/pl\/wp-json\/wp\/v2\/pages\/47\/page\/4\/\"><span class=\"elementor-screen-only\">Page<\/span>4<\/a>\n<a class=\"page-numbers\" href=\"https:\/\/interactive.marrobstudio.pl\/pl\/wp-json\/wp\/v2\/pages\/47\/page\/5\/\"><span class=\"elementor-screen-only\">Page<\/span>5<\/a>\n<a class=\"page-numbers\" href=\"https:\/\/interactive.marrobstudio.pl\/pl\/wp-json\/wp\/v2\/pages\/47\/page\/6\/\"><span class=\"elementor-screen-only\">Page<\/span>6<\/a>\n<a class=\"page-numbers\" href=\"https:\/\/interactive.marrobstudio.pl\/pl\/wp-json\/wp\/v2\/pages\/47\/page\/7\/\"><span class=\"elementor-screen-only\">Page<\/span>7<\/a>\n<a class=\"page-numbers\" href=\"https:\/\/interactive.marrobstudio.pl\/pl\/wp-json\/wp\/v2\/pages\/47\/page\/8\/\"><span class=\"elementor-screen-only\">Page<\/span>8<\/a>\t\t<\/nav>\n\t\t\t\t\t\t<\/div>\n\t\t\t\t<\/div>\n\t\t\t\t\t<\/div>\n\t\t<\/div>\n\t\t\t\t\t<\/div>\n\t\t<\/section>\n\t\t\t\t<\/div>\n\t\t","protected":false},"excerpt":{"rendered":"<p>Nasze realizacje<\/p>\n","protected":false},"author":4,"featured_media":0,"parent":0,"menu_order":0,"comment_status":"closed","ping_status":"closed","template":"elementor_header_footer","meta":{"_acf_changed":false,"footnotes":""},"class_list":["post-47","page","type-page","status-publish","hentry"],"acf":[],"_links":{"self":[{"href":"https:\/\/interactive.marrobstudio.pl\/pl\/wp-json\/wp\/v2\/pages\/47","targetHints":{"allow":["GET"]}}],"collection":[{"href":"https:\/\/interactive.marrobstudio.pl\/pl\/wp-json\/wp\/v2\/pages"}],"about":[{"href":"https:\/\/interactive.marrobstudio.pl\/pl\/wp-json\/wp\/v2\/types\/page"}],"author":[{"embeddable":true,"href":"https:\/\/interactive.marrobstudio.pl\/pl\/wp-json\/wp\/v2\/users\/4"}],"replies":[{"embeddable":true,"href":"https:\/\/interactive.marrobstudio.pl\/pl\/wp-json\/wp\/v2\/comments?post=47"}],"version-history":[{"count":170,"href":"https:\/\/interactive.marrobstudio.pl\/pl\/wp-json\/wp\/v2\/pages\/47\/revisions"}],"predecessor-version":[{"id":2487,"href":"https:\/\/interactive.marrobstudio.pl\/pl\/wp-json\/wp\/v2\/pages\/47\/revisions\/2487"}],"wp:attachment":[{"href":"https:\/\/interactive.marrobstudio.pl\/pl\/wp-json\/wp\/v2\/media?parent=47"}],"curies":[{"name":"wp","href":"https:\/\/api.w.org\/{rel}","templated":true}]}}