{"id":423,"date":"2020-10-19T16:50:36","date_gmt":"2020-10-19T14:50:36","guid":{"rendered":"https:\/\/interactive.marrobstudio.pl\/pl\/?page_id=423"},"modified":"2020-10-19T17:14:01","modified_gmt":"2020-10-19T15:14:01","slug":"brief","status":"publish","type":"page","link":"https:\/\/interactive.marrobstudio.pl\/pl\/brief\/","title":{"rendered":"Brief"},"content":{"rendered":"\t\t<div data-elementor-type=\"wp-page\" data-elementor-id=\"423\" class=\"elementor elementor-423\" data-elementor-post-type=\"page\">\n\t\t\t\t\t\t<section class=\"elementor-section elementor-top-section elementor-element elementor-element-94a5a75 elementor-section-boxed elementor-section-height-default elementor-section-height-default\" data-id=\"94a5a75\" data-element_type=\"section\" data-e-type=\"section\">\n\t\t\t\t\t\t<div class=\"elementor-container elementor-column-gap-default\">\n\t\t\t\t\t<div class=\"elementor-column elementor-col-100 elementor-top-column elementor-element elementor-element-e09e955\" data-id=\"e09e955\" data-element_type=\"column\" data-e-type=\"column\">\n\t\t\t<div class=\"elementor-widget-wrap elementor-element-populated\">\n\t\t\t\t\t\t<div class=\"elementor-element elementor-element-95c3fb5 elementor-widget elementor-widget-heading\" data-id=\"95c3fb5\" data-element_type=\"widget\" data-e-type=\"widget\" data-widget_type=\"heading.default\">\n\t\t\t\t<div class=\"elementor-widget-container\">\n\t\t\t\t\t<h1 class=\"elementor-heading-title elementor-size-default\">Brief | Zapytanie ofertowe<\/h1>\t\t\t\t<\/div>\n\t\t\t\t<\/div>\n\t\t\t\t<div class=\"elementor-element elementor-element-4291df6 elementor-widget elementor-widget-text-editor\" data-id=\"4291df6\" data-element_type=\"widget\" data-e-type=\"widget\" data-widget_type=\"text-editor.default\">\n\t\t\t\t<div class=\"elementor-widget-container\">\n\t\t\t\t\t\t\t\t\t<p>Chcemy zaproponowa\u0107 najlepsze rozwi\u0105zania, kt\u00f3re zrealizuj\u0105 cele Twojego projektu.<\/p><p>Aby przygotowa\u0107 spersonalizowan\u0105 wycen\u0119 poprosimy Ci\u0119 o wype\u0142nienie poni\u017cszego formularza.<\/p>\t\t\t\t\t\t\t\t<\/div>\n\t\t\t\t<\/div>\n\t\t\t\t<div class=\"elementor-element elementor-element-e64a924 elementor-button-align-center elementor-widget elementor-widget-form\" data-id=\"e64a924\" data-element_type=\"widget\" data-e-type=\"widget\" data-settings=\"{&quot;step_next_label&quot;:&quot;Nast\\u0119pny&quot;,&quot;step_previous_label&quot;:&quot;Poprzedni&quot;,&quot;button_width&quot;:&quot;100&quot;,&quot;step_type&quot;:&quot;number_text&quot;,&quot;step_icon_shape&quot;:&quot;circle&quot;}\" data-widget_type=\"form.default\">\n\t\t\t\t<div class=\"elementor-widget-container\">\n\t\t\t\t\t\t\t<form class=\"elementor-form\" method=\"post\" name=\"Nowy formularz\" aria-label=\"Nowy formularz\">\n\t\t\t<input type=\"hidden\" name=\"post_id\" value=\"423\"\/>\n\t\t\t<input type=\"hidden\" name=\"form_id\" value=\"e64a924\"\/>\n\t\t\t<input type=\"hidden\" name=\"referer_title\" value=\"Brief\" \/>\n\n\t\t\t\t\t\t\t<input type=\"hidden\" name=\"queried_id\" value=\"423\"\/>\n\t\t\t\n\t\t\t<div class=\"elementor-form-fields-wrapper elementor-labels-above\">\n\t\t\t\t\t\t\t\t<div class=\"elementor-field-type-html elementor-field-group elementor-column elementor-field-group-field_efecf42 elementor-col-100\">\n\t\t\t\t\t<strong>1. Dane kontaktowe<\/strong>\n<br>\t\t\t\t<\/div>\n\t\t\t\t\t\t\t\t<div class=\"elementor-field-type-text elementor-field-group elementor-column elementor-field-group-name elementor-col-50 elementor-field-required\">\n\t\t\t\t\t\t\t\t\t\t\t\t<label for=\"form-field-name\" class=\"elementor-field-label\">\n\t\t\t\t\t\t\t\tImi\u0119 i nazwsko*\t\t\t\t\t\t\t<\/label>\n\t\t\t\t\t\t\t\t\t\t\t\t\t\t<input size=\"1\" type=\"text\" name=\"form_fields[name]\" id=\"form-field-name\" class=\"elementor-field elementor-size-sm  elementor-field-textual\" placeholder=\"Imi\u0119 i nazwsko\" required=\"required\">\n\t\t\t\t\t\t\t\t\t\t\t<\/div>\n\t\t\t\t\t\t\t\t<div class=\"elementor-field-type-text elementor-field-group elementor-column elementor-field-group-field_ff577d6 elementor-col-50\">\n\t\t\t\t\t\t\t\t\t\t\t\t<label for=\"form-field-field_ff577d6\" class=\"elementor-field-label\">\n\t\t\t\t\t\t\t\tNazwa firmy\t\t\t\t\t\t\t<\/label>\n\t\t\t\t\t\t\t\t\t\t\t\t\t\t<input size=\"1\" type=\"text\" name=\"form_fields[field_ff577d6]\" id=\"form-field-field_ff577d6\" class=\"elementor-field elementor-size-sm  elementor-field-textual\" placeholder=\"Nazwa firmy\">\n\t\t\t\t\t\t\t\t\t\t\t<\/div>\n\t\t\t\t\t\t\t\t<div class=\"elementor-field-type-email elementor-field-group elementor-column elementor-field-group-email elementor-col-50 elementor-field-required\">\n\t\t\t\t\t\t\t\t\t\t\t\t<label for=\"form-field-email\" class=\"elementor-field-label\">\n\t\t\t\t\t\t\t\tE-mail*\t\t\t\t\t\t\t<\/label>\n\t\t\t\t\t\t\t\t\t\t\t\t\t\t<input size=\"1\" type=\"email\" name=\"form_fields[email]\" id=\"form-field-email\" class=\"elementor-field elementor-size-sm  elementor-field-textual\" placeholder=\"E-mail\" required=\"required\">\n\t\t\t\t\t\t\t\t\t\t\t<\/div>\n\t\t\t\t\t\t\t\t<div class=\"elementor-field-type-email elementor-field-group elementor-column elementor-field-group-field_00b6300 elementor-col-50 elementor-field-required\">\n\t\t\t\t\t\t\t\t\t\t\t\t<label for=\"form-field-field_00b6300\" class=\"elementor-field-label\">\n\t\t\t\t\t\t\t\tNumer telefonu*\t\t\t\t\t\t\t<\/label>\n\t\t\t\t\t\t\t\t\t\t\t\t\t\t<input size=\"1\" type=\"email\" name=\"form_fields[field_00b6300]\" id=\"form-field-field_00b6300\" class=\"elementor-field elementor-size-sm  elementor-field-textual\" placeholder=\"Numer telefonu\" required=\"required\">\n\t\t\t\t\t\t\t\t\t\t\t<\/div>\n\t\t\t\t\t\t\t\t<div class=\"elementor-field-type-html elementor-field-group elementor-column elementor-field-group-field_83b3fc8 elementor-col-100\">\n\t\t\t\t\t<br>\n<strong>2. Szczeg\u00f3\u0142y zapytania<\/strong>\n<br>\t\t\t\t<\/div>\n\t\t\t\t\t\t\t\t<div class=\"elementor-field-type-checkbox elementor-field-group elementor-column elementor-field-group-field_a715627 elementor-col-50\">\n\t\t\t\t\t\t\t\t\t\t\t\t<label for=\"form-field-field_a715627\" class=\"elementor-field-label\">\n\t\t\t\t\t\t\t\tJakich us\u0142ug poszukujesz ?\t\t\t\t\t\t\t<\/label>\n\t\t\t\t\t\t<div class=\"elementor-field-subgroup  \"><span class=\"elementor-field-option\"><input type=\"checkbox\" value=\"Hybrydowa promocja produkt\u00f3w turystycznych\" id=\"form-field-field_a715627-0\" name=\"form_fields[field_a715627][]\"> <label for=\"form-field-field_a715627-0\">Hybrydowa promocja produkt\u00f3w turystycznych<\/label><\/span><span class=\"elementor-field-option\"><input type=\"checkbox\" value=\"Witryny multimedialne &amp; infokioski\" id=\"form-field-field_a715627-1\" name=\"form_fields[field_a715627][]\"> <label for=\"form-field-field_a715627-1\">Witryny multimedialne & infokioski<\/label><\/span><span class=\"elementor-field-option\"><input type=\"checkbox\" value=\"Mapy interaktywne &amp; MikroMapy\" id=\"form-field-field_a715627-2\" name=\"form_fields[field_a715627][]\"> <label for=\"form-field-field_a715627-2\">Mapy interaktywne & MikroMapy<\/label><\/span><span class=\"elementor-field-option\"><input type=\"checkbox\" value=\"Strona www \/ sklep internetowy\" id=\"form-field-field_a715627-3\" name=\"form_fields[field_a715627][]\"> <label for=\"form-field-field_a715627-3\">Strona www \/ sklep internetowy<\/label><\/span><span class=\"elementor-field-option\"><input type=\"checkbox\" value=\"Logo \/ identyfikacja wizualna\" id=\"form-field-field_a715627-4\" name=\"form_fields[field_a715627][]\"> <label for=\"form-field-field_a715627-4\">Logo \/ identyfikacja wizualna<\/label><\/span><span class=\"elementor-field-option\"><input type=\"checkbox\" value=\"Projektowanie graficzne\" id=\"form-field-field_a715627-5\" name=\"form_fields[field_a715627][]\"> <label for=\"form-field-field_a715627-5\">Projektowanie graficzne<\/label><\/span><span class=\"elementor-field-option\"><input type=\"checkbox\" value=\"Obs\u0142uga Social Media\" id=\"form-field-field_a715627-6\" name=\"form_fields[field_a715627][]\"> <label for=\"form-field-field_a715627-6\">Obs\u0142uga Social Media<\/label><\/span><span class=\"elementor-field-option\"><input type=\"checkbox\" value=\"Portale internetowe\" id=\"form-field-field_a715627-7\" name=\"form_fields[field_a715627][]\"> <label for=\"form-field-field_a715627-7\">Portale internetowe<\/label><\/span><span class=\"elementor-field-option\"><input type=\"checkbox\" value=\"Cyfrowa akwizycja\" id=\"form-field-field_a715627-8\" name=\"form_fields[field_a715627][]\"> <label for=\"form-field-field_a715627-8\">Cyfrowa akwizycja<\/label><\/span><\/div>\t\t\t\t<\/div>\n\t\t\t\t\t\t\t\t<div class=\"elementor-field-type-checkbox elementor-field-group elementor-column elementor-field-group-field_4b485e1 elementor-col-50\">\n\t\t\t\t\t\t\t\t\t\t\t\t<label for=\"form-field-field_4b485e1\" class=\"elementor-field-label\">\n\t\t\t\t\t\t\t\tJakim bud\u017cetem dysponujesz na dany projekt ?\t\t\t\t\t\t\t<\/label>\n\t\t\t\t\t\t<div class=\"elementor-field-subgroup  \"><span class=\"elementor-field-option\"><input type=\"checkbox\" value=\"do 1,000 PLN\" id=\"form-field-field_4b485e1-0\" name=\"form_fields[field_4b485e1][]\"> <label for=\"form-field-field_4b485e1-0\">do 1,000 PLN<\/label><\/span><span class=\"elementor-field-option\"><input type=\"checkbox\" value=\"1,000 - 2,000 PLN\" id=\"form-field-field_4b485e1-1\" name=\"form_fields[field_4b485e1][]\"> <label for=\"form-field-field_4b485e1-1\">1,000 - 2,000 PLN<\/label><\/span><span class=\"elementor-field-option\"><input type=\"checkbox\" value=\"2,000 - 3,000 PLN\" id=\"form-field-field_4b485e1-2\" name=\"form_fields[field_4b485e1][]\"> <label for=\"form-field-field_4b485e1-2\">2,000 - 3,000 PLN<\/label><\/span><span class=\"elementor-field-option\"><input type=\"checkbox\" value=\"3,000 - 5,000 PLN\" id=\"form-field-field_4b485e1-3\" name=\"form_fields[field_4b485e1][]\"> <label for=\"form-field-field_4b485e1-3\">3,000 - 5,000 PLN<\/label><\/span><span class=\"elementor-field-option\"><input type=\"checkbox\" value=\"5,000 - 7,500 PLN\" id=\"form-field-field_4b485e1-4\" name=\"form_fields[field_4b485e1][]\"> <label for=\"form-field-field_4b485e1-4\">5,000 - 7,500 PLN<\/label><\/span><span class=\"elementor-field-option\"><input type=\"checkbox\" value=\"7,500 - 10,000 PLN\" id=\"form-field-field_4b485e1-5\" name=\"form_fields[field_4b485e1][]\"> <label for=\"form-field-field_4b485e1-5\">7,500 - 10,000 PLN<\/label><\/span><span class=\"elementor-field-option\"><input type=\"checkbox\" value=\"10,000 - 20,000 PLN\" id=\"form-field-field_4b485e1-6\" name=\"form_fields[field_4b485e1][]\"> <label for=\"form-field-field_4b485e1-6\">10,000 - 20,000 PLN<\/label><\/span><span class=\"elementor-field-option\"><input type=\"checkbox\" value=\"20,000 - 50,000 PLN\" id=\"form-field-field_4b485e1-7\" name=\"form_fields[field_4b485e1][]\"> <label for=\"form-field-field_4b485e1-7\">20,000 - 50,000 PLN<\/label><\/span><span class=\"elementor-field-option\"><input type=\"checkbox\" value=\"powy\u017cej 50,000 PLN\" id=\"form-field-field_4b485e1-8\" name=\"form_fields[field_4b485e1][]\"> <label for=\"form-field-field_4b485e1-8\">powy\u017cej 50,000 PLN<\/label><\/span><\/div>\t\t\t\t<\/div>\n\t\t\t\t\t\t\t\t<div class=\"elementor-field-type-html elementor-field-group elementor-column elementor-field-group-field_8f9304b elementor-col-100\">\n\t\t\t\t\t<br>\n<strong>3. Dodatkowe informacje<\/strong>\n<br>\t\t\t\t<\/div>\n\t\t\t\t\t\t\t\t<div class=\"elementor-field-type-textarea elementor-field-group elementor-column elementor-field-group-message elementor-col-100\">\n\t\t\t\t\t\t\t\t\t\t\t\t<label for=\"form-field-message\" class=\"elementor-field-label\">\n\t\t\t\t\t\t\t\tDodatkowe uwagi \/ informacje \/ pytania\t\t\t\t\t\t\t<\/label>\n\t\t\t\t\t\t<textarea class=\"elementor-field-textual elementor-field  elementor-size-sm\" name=\"form_fields[message]\" id=\"form-field-message\" rows=\"6\" placeholder=\"Dodatkowe uwagi \/ informacje \/ pytania\"><\/textarea>\t\t\t\t<\/div>\n\t\t\t\t\t\t\t\t<div class=\"elementor-field-type-upload elementor-field-group elementor-column elementor-field-group-field_c27fd78 elementor-col-100\">\n\t\t\t\t\t\t\t\t\t\t\t\t<label for=\"form-field-field_c27fd78\" class=\"elementor-field-label\">\n\t\t\t\t\t\t\t\tOpcjonalnie mo\u017cesz za\u0142\u0105czy\u0107 dodatkowy plik do zapytania (w\u0142asny brief \/ rysunek projekt itp.) - dozwolone s\u0105 jedynie pliki PDF do 5MB\t\t\t\t\t\t\t<\/label>\n\t\t\t\t\t\t\t\t<input type=\"file\" name=\"form_fields[field_c27fd78]\" id=\"form-field-field_c27fd78\" class=\"elementor-field elementor-size-sm  elementor-upload-field\" data-maxsize=\"5\" data-maxsize-message=\"This file exceeds the maximum allowed size.\">\n\n\t\t\t\t\t\t<\/div>\n\t\t\t\t\t\t\t\t<div class=\"elementor-field-group elementor-column elementor-field-type-submit elementor-col-100 e-form__buttons\">\n\t\t\t\t\t<button class=\"elementor-button elementor-size-sm\" type=\"submit\">\n\t\t\t\t\t\t<span class=\"elementor-button-content-wrapper\">\n\t\t\t\t\t\t\t\t\t\t\t\t\t\t\t\t\t\t\t\t\t\t<span class=\"elementor-button-text\">Wy\u015blij<\/span>\n\t\t\t\t\t\t\t\t\t\t\t\t\t<\/span>\n\t\t\t\t\t<\/button>\n\t\t\t\t<\/div>\n\t\t\t<\/div>\n\t\t<\/form>\n\t\t\t\t\t\t<\/div>\n\t\t\t\t<\/div>\n\t\t\t\t\t<\/div>\n\t\t<\/div>\n\t\t\t\t\t<\/div>\n\t\t<\/section>\n\t\t\t\t<\/div>\n\t\t","protected":false},"excerpt":{"rendered":"<p>Brief | Zapytanie ofertowe Chcemy zaproponowa\u0107 najlepsze rozwi\u0105zania, kt\u00f3re zrealizuj\u0105 cele Twojego projektu. Aby przygotowa\u0107 spersonalizowan\u0105 wycen\u0119 poprosimy Ci\u0119 o wype\u0142nienie poni\u017cszego formularza.<\/p>\n","protected":false},"author":3,"featured_media":0,"parent":0,"menu_order":0,"comment_status":"closed","ping_status":"closed","template":"","meta":{"_acf_changed":false,"footnotes":""},"class_list":["post-423","page","type-page","status-publish","hentry"],"acf":[],"_links":{"self":[{"href":"https:\/\/interactive.marrobstudio.pl\/pl\/wp-json\/wp\/v2\/pages\/423","targetHints":{"allow":["GET"]}}],"collection":[{"href":"https:\/\/interactive.marrobstudio.pl\/pl\/wp-json\/wp\/v2\/pages"}],"about":[{"href":"https:\/\/interactive.marrobstudio.pl\/pl\/wp-json\/wp\/v2\/types\/page"}],"author":[{"embeddable":true,"href":"https:\/\/interactive.marrobstudio.pl\/pl\/wp-json\/wp\/v2\/users\/3"}],"replies":[{"embeddable":true,"href":"https:\/\/interactive.marrobstudio.pl\/pl\/wp-json\/wp\/v2\/comments?post=423"}],"version-history":[{"count":23,"href":"https:\/\/interactive.marrobstudio.pl\/pl\/wp-json\/wp\/v2\/pages\/423\/revisions"}],"predecessor-version":[{"id":446,"href":"https:\/\/interactive.marrobstudio.pl\/pl\/wp-json\/wp\/v2\/pages\/423\/revisions\/446"}],"wp:attachment":[{"href":"https:\/\/interactive.marrobstudio.pl\/pl\/wp-json\/wp\/v2\/media?parent=423"}],"curies":[{"name":"wp","href":"https:\/\/api.w.org\/{rel}","templated":true}]}}