{"id":3,"date":"2020-09-17T08:45:51","date_gmt":"2020-09-17T06:45:51","guid":{"rendered":"http:\/\/interactive.marrobstudio.pl\/?page_id=3"},"modified":"2020-10-19T11:27:56","modified_gmt":"2020-10-19T09:27:56","slug":"polityka-prywatnosci","status":"publish","type":"page","link":"https:\/\/interactive.marrobstudio.pl\/pl\/polityka-prywatnosci\/","title":{"rendered":"Polityka Prywatno\u015bci"},"content":{"rendered":"\n<p><strong>Obowi\u0105zuje od dnia 15 pa\u017adziernika 2020<\/strong><\/p>\n\n\n\n<p>Chcieliby\u015bmy na wst\u0119pie poinformowa\u0107 Ci\u0119, \u017ce MARROB Studio Interactive zbiera i przetwarza Twoje dane osobowe. Ten dokument okre\u015bla zasady oraz cele przetwarzania tych\u017ce danych oraz opisuje, w jaki spos\u00f3b przestrzegamy Twoich praw i w jaki spos\u00f3b mo\u017cesz ich dochodzi\u0107.<\/p>\n\n\n\n<p><strong>Definicje<\/strong><\/p>\n\n\n\n<p><strong>https:\/\/interactive.marrobstudio.pl\/<\/strong> \u2013 Strona internetowa MARROB Studio Interactive.<br><strong>Dane Osobowe<\/strong>&nbsp;\u2013 wszystkie informacje o zidentyfikowanej lub mo\u017cliwej do zidentyfikowania osobie fizycznej poprzez jeden b\u0105d\u017a kilka szczeg\u00f3lnych czynnik\u00f3w okre\u015blaj\u0105cych fizyczn\u0105, fizjologiczn\u0105, genetyczn\u0105, psychiczn\u0105, ekonomiczn\u0105, kulturow\u0105 lub spo\u0142eczn\u0105 to\u017csamo\u015b\u0107 osoby fizycznej, w tym nr IP urz\u0105dzenia, dane o lokalizacji, identyfikator internetowy oraz informacje gromadzone za po\u015brednictwem plik\u00f3w cookie oraz innej podobnej technologii.<br><strong>Strona internetowa<\/strong>&nbsp;\u2013 Strona internetowa, zwana dalej Stron\u0105, udost\u0119pniana przez MARROB Studio Interactive pod aktualnym adresem <strong><a href=\"https:\/\/interactive.marrobstudio.pl\/\">https:\/\/interactive.marrobstudio.pl\/<\/a><\/strong>&nbsp;oraz pod adresami b\u0119d\u0105cymi przekierowaniami do tego adresu, a tak\u017ce ka\u017cdym innym b\u0119d\u0105cym jego uzupe\u0142nieniem lub kontynuacj\u0105 i ka\u017cdym tym, kt\u00f3ry go zast\u0105pi.<br><strong>U\u017cytkownik\/Ty<\/strong>&nbsp;\u2013 osoba fizyczna odwiedzaj\u0105ca Stron\u0119 lub korzystaj\u0105ca z jednej lub kilku us\u0142ug albo funkcjonalno\u015bci udost\u0119pnianych na Stronie.<br><strong>RODO<\/strong>&nbsp;\u2013 Rozporz\u0105dzenie Parlamentu Europejskiego i Rady (UE) 2016\/679 z dnia 7 kwietnia 2016 roku w sprawie ochrony os\u00f3b fizycznych w zwi\u0105zku z przetwarzaniem danych osobowych i w sprawie swobodnego przep\u0142ywu takich danych oraz uchylenia dyrektywy 95\/46\/WE.<br><strong>Profil<\/strong>&nbsp;\u2013 dost\u0119pne dla U\u017cytkownika miejsce na Stronie, gdzie U\u017cytkownik wprowadza swoje dane, zarz\u0105dza nimi oraz publikuje je zgodnie z wybranymi przez siebie ustawieniami prywatno\u015bci.<br><strong>Polityka<\/strong>&nbsp;\u2013 niniejsza Polityka prywatno\u015bci.<\/p>\n\n\n\n<p><strong>A. CELE ORAZ PODSTAWY PRAWNE PRZETWARZANIA DANYCH NA STRONIE<\/strong><\/p>\n\n\n\n<ol class=\"wp-block-list\" type=\"1\"><li><strong>Korzystanie ze Strony<\/strong><br>Je\u017celi korzystasz ze Strony jako U\u017cytkownik zarejestrowany lub niezarejestrowany (tj. nie posiadasz Profilu na Stronie), MARROB Studio Interactive przetwarza Twoje Dane Osobowe. Przez te dane nale\u017cy rozumie\u0107 adres IP lub inne identyfikatory oraz informacje gromadzone za po\u015brednictwem plik\u00f3w cookies albo innych podobnych technologii. Twoja aktywno\u015b\u0107 na Stronie, w tym Twoje Dane Osobowe, s\u0105 rejestrowane w logach systemowych. Zebrane w logach informacje przetwarzane s\u0105 przede wszystkim w celach zwi\u0105zanych ze \u015bwiadczeniem us\u0142ug, czyli w celach:<br>\u2022 analitycznych i statystycznych \u2013 by stale poprawi\u0107 jako\u015b\u0107 us\u0142ug \u015bwiadczonych w ramach Strony i dostosowywa\u0107 jego funkcjonalno\u015bci do Twoich potrzeb. W\u00f3wczas podstaw\u0105 prawn\u0105 przetwarzania jest uzasadniony interes MARROB Studio Interactive polegaj\u0105cy na prowadzeniu analiz aktywno\u015bci U\u017cytkownik\u00f3w oraz ich preferencji;<br>\u2022 wykrywania nadu\u017cy\u0107, identyfikacji i przeciwdzia\u0142ania zagro\u017ceniom dla stabilno\u015bci i poprawno\u015bci dzia\u0142ania Strony;<br>\u2022 marketingowych MARROB Studio Interactive oraz innych podmiot\u00f3w, w szczeg\u00f3lno\u015bci zwi\u0105zanych z prezentowaniem Ci reklamy behawioralnej \u2013 by informowa\u0107 Ci\u0119 o aktualnej ofercie i nowych funkcjonalno\u015bciach Strony oraz o ofertach naszych partner\u00f3w biznesowych. Szczeg\u00f3\u0142owe zasady przetwarzania danych osobowych w celach marketingowych zosta\u0142y opisane w sekcji MARKETING poni\u017cej.<\/li><li><strong>Rejestracja na Stronie<\/strong><br>Gdy zdecydujesz si\u0119 na rejestracj\u0119 na Stronie, musisz poda\u0107 dane niezb\u0119dne do utworzenia i obs\u0142ugi Profilu (imi\u0119 i nazwisko oraz adres e-mail).<br>Ponadto w celu pe\u0142nej realizacji us\u0142ugi mo\u017cesz poda\u0107 dodatkowe informacje, za pomoc\u0105 kt\u00f3rych uzupe\u0142nisz sw\u00f3j Profil. Takie dane mo\u017cesz w ka\u017cdej chwili usun\u0105\u0107, ich podanie jest w pe\u0142ni dobrowolne.<br>Dane Osobowe, kt\u00f3re podajesz podczas rejestracji na Stronie oraz podczas jego uzupe\u0142niania, s\u0105 przetwarzane:<br>\u2022 w celu \u015bwiadczenia Ci us\u0142ug zwi\u0105zanych z prowadzeniem i obs\u0142ug\u0105 Profilu na Stronie. Podstaw\u0105 prawn\u0105 przetwarzania danych wymaganych podczas rejestracji jest niezb\u0119dno\u015b\u0107 przetwarzania do wykonania umowy, a w zakresie danych podanych podczas uzupe\u0142nienia Profilu \u2013 podstaw\u0105 prawn\u0105 przetwarzania jest zgoda;<br>\u2022 w celach analitycznych i statystycznych \u2013 by MARROB Studio Interactive m\u00f3g\u0142 stale poprawia\u0107 jako\u015b\u0107 us\u0142ug \u015bwiadczonych w ramach Strony i dostosowywa\u0107 jego funkcjonalno\u015bci do Twoich potrzeb. Ponownie podstaw\u0105 prawn\u0105 przetwarzania jest w tym przypadku uzasadniony interes MARROB Studio Interactive.&nbsp;B\u0119dziemy w zwi\u0105zku z tym analizowa\u0107 Twoj\u0105 aktywno\u015b\u0107 na Stronie, spos\u00f3b korzystania z konta i Twoje preferencje;<br>\u2022 w celu ewentualnego ustalenia, dochodzenia lub obrony przed roszczeniami \u2013 podstaw\u0105 prawn\u0105 przetwarzania jest uzasadniony interes Wydawcy polegaj\u0105cy na ochronie swoich praw;<br>\u2022 w celach marketingowych MARROB Studio Interactive oraz innych podmiot\u00f3w \u2013 zasady przetwarzania danych osobowych w celach marketingowych zosta\u0142y opisane w sekcji MARKETING.<\/li><li><strong>Formularze kontaktowe<\/strong><br>Zapewniamy mo\u017cliwo\u015b\u0107 skontaktowania si\u0119 z nami przy wykorzystaniu elektronicznych formularzy kontaktowych. Skorzystanie z formularza wymaga podania Danych Osobowych niezb\u0119dnych do skontaktowania si\u0119 z Tob\u0105 i udzielenia odpowiedzi na zapytanie. Mo\u017cesz poda\u0107 tak\u017ce inne dane w celu u\u0142atwienia kontaktu lub obs\u0142ugi zapytania. Podanie danych oznaczonych jako obowi\u0105zkowe jest wymagane w celu przyj\u0119cia i obs\u0142ugi zapytania, a ich niepodanie skutkuje brakiem mo\u017cliwo\u015bci jego obs\u0142ugi. Podanie pozosta\u0142ych danych jest dobrowolne.<br>Dane Osobowe podane przez Ciebie w formularzach kontaktowych s\u0105 przetwarzane:<br>\u2022 w celu identyfikacji nadawcy oraz obs\u0142ugi jego zapytania przes\u0142anego przez udost\u0119pniony formularz \u2013 podstaw\u0105 prawn\u0105 przetwarzania jest tu niezb\u0119dno\u015b\u0107 przetwarzania do wykonania umowy o \u015bwiadczenie us\u0142ugi;<br>\u2022 w celach analitycznych i statystycznych \u2013 podstaw\u0105 prawn\u0105 przetwarzania jest uzasadniony interes Wydawcy polegaj\u0105cy na prowadzeniu statystyk zapyta\u0144 zg\u0142aszanych przez U\u017cytkownik\u00f3w za po\u015brednictwem Strony, by\u015bmy mogli doskonali\u0107 jego funkcjonalno\u015bci.<\/li><\/ol>\n\n\n\n<p><\/p>\n\n\n\n<p><strong>B. MARKETING<\/strong><\/p>\n\n\n\n<p>MARROB Studio Interactive przetwarza Twoje Dane Osobowe w celu realizowania dzia\u0142a\u0144 marketingowych, kt\u00f3re mog\u0105 polega\u0107 na:<br>\u2022 wy\u015bwietlaniu tre\u015bci marketingowych, kt\u00f3re nie s\u0105 dostosowane do Twoich preferencji (w tym reklama kontekstowa);<br>\u2022 wy\u015bwietlaniu tre\u015bci marketingowych odpowiadaj\u0105cych Twoim zainteresowaniom (reklama behawioralna);<br>\u2022 kierowaniu e-mailowych powiadomie\u0144 o interesuj\u0105cych Ci\u0119 tre\u015bciach (us\u0142uga newslettera);<br>W celu realizowania dzia\u0142a\u0144 marketingowych MARROB Studio Interactive w niekt\u00f3rych przypadkach wykorzystuje profilowanie. Oznacza to, \u017ce dzi\u0119ki automatycznemu przetwarzaniu MARROB Studio Interactive dokonuje oceny wybranych czynnik\u00f3w dotycz\u0105cych os\u00f3b fizycznych w celu analizy ich zachowania lub stworzenia prognozy zachowa\u0144 na przysz\u0142o\u015b\u0107.<\/p>\n\n\n\n<ol class=\"wp-block-list\" type=\"1\"><li><strong>Reklama kontekstowa<\/strong><br>MARROB Studio Interactive przetwarza Twoje dane osobowe dla cel\u00f3w marketingowych w zwi\u0105zku z kierowaniem do Ciebie reklamy, w tym reklamy kontekstowej (tj. reklamy, kt\u00f3ra nie jest dopasowana do Twoich preferencji). Przetwarzanie danych osobowych w tym celu odbywa si\u0119 w zwi\u0105zku z realizacj\u0105 prawnie uzasadnionego interesu MARROB Studio Interactive.<\/li><li><strong>Reklama behawioralna<\/strong><br>Administrator oraz jego zaufani partnerzy przetwarzaj\u0105 Twoje Dane Osobowe, w tym dane osobowe gromadzone za po\u015brednictwem plik\u00f3w cookies oraz innych podobnych technologii do cel\u00f3w marketingowych w zwi\u0105zku z kierowaniem do Ciebie reklamy behawioralnej (tj. reklamy, kt\u00f3ra jest dopasowana do Twoich preferencji). Przetwarzanie Danych Osobowych w tym celu obejmuje tak\u017ce profilowanie. Wykorzystanie zebranych za po\u015brednictwem tej technologii danych osobowych w celach marketingowych, w szczeg\u00f3lno\u015bci w zakresie promowania us\u0142ug i towar\u00f3w podmiot\u00f3w trzecich, wymaga uzyskania Twojej zgody. Zgoda ta mo\u017ce by\u0107 w ka\u017cdym momencie wycofana.<\/li><li><strong>Newsletter<\/strong><br>Osobom, kt\u00f3re w tym celu poda\u0142y sw\u00f3j adres e-mail, MARROB Studio Interactive \u015bwiadczy us\u0142ug\u0119 newslettera. Podanie danych jest wymagane w celu \u015bwiadczenia us\u0142ugi newslettera, a ich niepodanie skutkuje brakiem mo\u017cliwo\u015bci jego wysy\u0142ki. Poprzez newslettera informujemy o aktualnych ofertach specjalnych, konkursach, promocjach, nadchodz\u0105cych wydarzeniach oraz o innych wydarzeniach i us\u0142ugach zwi\u0105zanych z dzia\u0142alno\u015bci\u0105 portalu. W ka\u017cdym momencie mo\u017cna zrezygnowa\u0107 z subskrypcji newslettera przesy\u0142aj\u0105c wiadomo\u015b\u0107 e-mail na adres e-mail: <a href=\"mailto:interactive@marrobstudio.pl\">interactive@marrobstudio.pl<\/a> .<br>Dane Osobowe w tym przypadku s\u0105 przetwarzane:<br>\u2022 w celu \u015bwiadczenia us\u0142ugi wysy\u0142ki newslettera \u2013 podstaw\u0105 prawn\u0105 przetwarzania jest niezb\u0119dno\u015b\u0107 przetwarzania do wykonania umowy;<br>\u2022 w przypadku kierowania do Ciebie tre\u015bci marketingowych w ramach newslettera \u2013 podstaw\u0105 prawn\u0105 przetwarzania, w tym profilowania, jest uzasadniony interes MARROB Studio Interactive w zwi\u0105zku z wyra\u017con\u0105 zgod\u0105 na otrzymywanie newslettera;<br>\u2022 w celach analitycznych i statystycznych \u2013 podstaw\u0105 prawn\u0105 przetwarzania jest uzasadniony interes MARROB Studio Interactive polegaj\u0105cy na prowadzeniu analiz Twojej aktywno\u015bci na Stronie w celu doskonalenia stosowanych funkcjonalno\u015bci;<br>\u2022 w celu ewentualnego ustalenia, dochodzenia lub obrony przed roszczeniami \u2013 podstaw\u0105 prawn\u0105 przetwarzania jest w\u00f3wczas uzasadniony interes MARROB Studio Interactive.<\/li><li><strong>Marketing bezpo\u015bredni<\/strong><br>Twoje Dane Osobowe mog\u0105 by\u0107 r\u00f3wnie\u017c wykorzystywane przez MARROB Studio Interactive do kierowania do Ciebie tre\u015bci marketingowej r\u00f3\u017cnymi kana\u0142ami, tj. za po\u015brednictwem poczty e-mail, o ile wyrazisz na te dzia\u0142ania zgod\u0119, kt\u00f3r\u0105 mo\u017cesz wycofa\u0107 w dowolnym momencie.<\/li><\/ol>\n\n\n\n<p><\/p>\n\n\n\n<p><strong>C. SERWISY SPO\u0141ECZNO\u015aCIOWE<\/strong><\/p>\n\n\n\n<p>MARROB Studio Interactive przetwarza Dane Osobowe U\u017cytkownik\u00f3w odwiedzaj\u0105cych jego profile prowadzone w mediach spo\u0142eczno\u015bciowych (Facebook, YouTube, Instagram, Twitter, Pinterest, LinkedIn, Google+). Dane te s\u0105 przetwarzane wy\u0142\u0105cznie w zwi\u0105zku z prowadzeniem Profilu, w tym w celu informowania U\u017cytkownik\u00f3w o aktywno\u015bci Wydawcy oraz promowaniu r\u00f3\u017cnego rodzaju wydarze\u0144, us\u0142ug oraz produkt\u00f3w. Podstaw\u0105 prawn\u0105 przetwarzania danych osobowych w tym celu jest uzasadniony interes MARROB Studio Interactive&nbsp;polegaj\u0105cy na promowaniu w\u0142asnej marki.<\/p>\n\n\n\n<p><strong>D. COOKIES<\/strong><\/p>\n\n\n\n<p>Pliki cookies to ma\u0142e pliki tekstowe, instalowane na Twoim urz\u0105dzeniu, gdy przegl\u0105dasz Stron\u0119 bez wzgl\u0119du na to, czy jeste\u015b zarejestrowany i zalogowany, czy nie. Cookies zazwyczaj zawieraj\u0105 nazw\u0119 domeny serwisu internetowego, z kt\u00f3rego pochodz\u0105, czas przechowywania ich na urz\u0105dzeniu ko\u0144cowym oraz unikalny numer. W Polityce informacje dotycz\u0105ce cookies maj\u0105 zastosowanie r\u00f3wnie\u017c do innych podobnych technologii wykorzystywanych w ramach Serwisu.<\/p>\n\n\n\n<ol class=\"wp-block-list\" type=\"1\"><li><strong>Cookies \u201eserwisowe\u201d<\/strong><br>Wykorzystujemy tzw. cookies serwisowe przede wszystkim w celu dostarczania us\u0142ug \u015bwiadczonych drog\u0105 elektroniczn\u0105 oraz poprawy jako\u015bci tych us\u0142ug. W zwi\u0105zku z tym MARROB Studio Interactive oraz inne podmioty \u015bwiadcz\u0105ce na jego rzecz us\u0142ugi analityczne oraz statystyczne (patrz zaufani partnerzy) korzystaj\u0105 z plik\u00f3w cookies, przechowuj\u0105c informacje lub uzyskuj\u0105c dost\u0119p do informacji ju\u017c przechowywanych w Twoim telekomunikacyjnym urz\u0105dzeniu ko\u0144cowym (komputer, telefon, tablet itp.). Pliki cookies wykorzystywane w tym celu obejmuj\u0105:<br>\u2022 pliki cookies z danymi wprowadzanymi przez U\u017cytkownika (identyfikator sesji) na czas trwania sesji;<br>\u2022 uwierzytelniaj\u0105ce pliki cookies wykorzystywane do us\u0142ug wymagaj\u0105cych uwierzytelniania na czas trwania sesji;<br>\u2022 pliki cookies s\u0142u\u017c\u0105ce do zapewnienia bezpiecze\u0144stwa, np. wykorzystywane do wykrywania nadu\u017cy\u0107 w zakresie uwierzytelniania;<br>\u2022 sesyjne pliki cookies odtwarzaczy multimedialnych (np. pliki cookies odtwarzacza flash) na czas trwania sesji;<br>\u2022 trwa\u0142e pliki cookies s\u0142u\u017c\u0105ce do personalizacji Twojego interfejsu na czas trwania sesji lub nieco d\u0142u\u017cej;<br>\u2022 pliki cookies s\u0142u\u017c\u0105ce do monitorowania ruchu na stronie internetowej, tj. analityki danych, w tym cookies.<\/li><li><strong>Cookies \u201emarketingowe\u201d<\/strong><br>MARROB Studio Interactive oraz nasi zaufani partnerzy wykorzystuj\u0105 r\u00f3wnie\u017c pliki cookies do cel\u00f3w marketingowych, w tym w zwi\u0105zku z kierowaniem do Ciebie reklamy behawioralnej. W tym celu MARROB Studio Interactive oraz zaufani partnerzy przechowuj\u0105 informacje lub uzyskuj\u0105 dost\u0119p do informacji ju\u017c przechowywanych w Twoim telekomunikacyjnym urz\u0105dzeniu ko\u0144cowym (komputer, telefon, tablet itp.). Wykorzystanie plik\u00f3w cookies oraz zebranych za ich po\u015brednictwem danych osobowych w celach marketingowych, w szczeg\u00f3lno\u015bci w zakresie promowania us\u0142ug i towar\u00f3w podmiot\u00f3w trzecich, wymaga uzyskania Twojej zgody. Zgoda ta mo\u017ce by\u0107 w ka\u017cdym momencie wycofana.<\/li><\/ol>\n\n\n\n<p><\/p>\n\n\n\n<p><strong>E. ODBIORCY DANYCH<\/strong><\/p>\n\n\n\n<p>Twoje dane mog\u0105 by\u0107 przekazane do dostawc\u00f3w us\u0142ug dla MARROB Studio Interactive oraz organ\u00f3w administracji pa\u0144stwowej.<\/p>\n\n\n\n<ol class=\"wp-block-list\" type=\"1\"><li><strong>Dostawcy us\u0142ug dla MARROB Studio Interactive<\/strong><\/li><\/ol>\n\n\n\n<p>W zwi\u0105zku z realizacj\u0105 Us\u0142ug Twoje Dane Osobowe b\u0119d\u0105 ujawniane zewn\u0119trznym podmiotom, w tym w szczeg\u00f3lno\u015bci dostawcom odpowiedzialnym za obs\u0142ug\u0119 system\u00f3w informatycznych MARROB Studio Interactive takim jak:<br>\u2022 firmy badawcze,<br>\u2022 kurierzy i operatorzy pocztowi (jedynie w przypadkach realizacji odpowiedzi na zapytanie z\u0142o\u017cone za po\u015brednictwem poczty tradycyjnej),<br>\u2022 agencjom marketingowym (w zakresie us\u0142ug marketingowych, co zosta\u0142o szczeg\u00f3\u0142owo opisane w trzech poprzednich rozdzia\u0142ach),<br>\u2022 podmiotom \u015bwiadcz\u0105cym us\u0142ugi utrzymania kopii zapasowej Strony i przechowywania danych,<br>\u2022 dostawcom \u015bwiadcz\u0105cym us\u0142ugi obs\u0142ugi zg\u0142osze\u0144 za po\u015brednictwem formularzy kontaktowych,<br>\u2022 dostawcy klienta pocztowego,<br>\u2022 podmiotom \u015bwiadcz\u0105cym us\u0142ug analizy i przygotowania statystyk Strony (co zosta\u0142o opisane powy\u017cej w poprzednim rozdziale).<br>Poziom ochrony danych osobowych poza Europejskim Obszarem Gospodarczym (EOG) r\u00f3\u017cni si\u0119 od tego zapewnianego przez prawo europejskie. Z tego powodu przekazujemy Twoje dane osobowe poza EOG z zapewnieniem odpowiedniego stopnia ochrony, przede wszystkim poprzez:<br>\u2022 wsp\u00f3\u0142prac\u0119 z podmiotami przetwarzaj\u0105cymi dane osobowe w pa\u0144stwach, w odniesieniu do kt\u00f3rych zosta\u0142a wydana stosowna decyzja Komisji Europejskiej;<br>\u2022 stosowanie standardowych klauzul umownych, wydanych przez Komisj\u0119 Europejsk\u0105;<br>\u2022 stosowanie wi\u0105\u017c\u0105cych regu\u0142 korporacyjnych, zatwierdzonych przez w\u0142a\u015bciwy organ nadzorczy;<br>\u2022 w razie przekazywania danych do USA \u2013 wsp\u00f3\u0142prac\u0119 z podmiotami uczestnicz\u0105cymi w programie Tarcza Prywatno\u015bci (Privacy Shield), zatwierdzonym decyzj\u0105 Komisji Europejskiej.<br>B\u0119dziemy informowa\u0107 Ci\u0119 o zamiarze przekazania danych osobowych poza EOG na etapie ich zbierania.<\/p>\n\n\n\n<ol class=\"wp-block-list\" type=\"1\" start=\"2\"><li><strong>Organy administracji pa\u0144stwowej<\/strong><br>Zastrzegamy sobie prawo ujawnienia informacji w\u0142a\u015bciwym organom b\u0105d\u017a osobom trzecim, kt\u00f3re zg\u0142osz\u0105 \u017c\u0105danie udzielenia takich informacji, w oparciu o odpowiedni\u0105 podstaw\u0119 prawn\u0105 oraz zgodnie z przepisami obowi\u0105zuj\u0105cego prawa.<\/li><\/ol>\n\n\n\n<p><\/p>\n\n\n\n<p><strong>F. PRAWA U\u017bYTKOWNIK\u00d3W<\/strong><\/p>\n\n\n\n<p>Przys\u0142uguj\u0105 Ci nast\u0119puj\u0105ce prawa:<br>\u2022 dost\u0119pu do tre\u015bci danych oraz \u017c\u0105dania ich sprostowania,<br>\u2022 usuni\u0119cia,<br>\u2022 ograniczenia przetwarzania,<br>\u2022 prawo do przenoszenia danych,<br>\u2022 prawo wniesienia sprzeciwu wzgl\u0119dem przetwarzania danych, a tak\u017ce<br>\u2022 prawo wniesienia skargi do organu nadzorczego zajmuj\u0105cego si\u0119 ochron\u0105 danych osobowych.<br>Je\u015bli zarejestrowa\u0142e\u015b si\u0119 na Stronie i udzieli\u0142e\u015b zgody na przetwarzanie Danych Osobowych, mo\u017cesz j\u0105 wycofa\u0107 w dowolnym momencie, klikaj\u0105c w przycisk \u201cUsu\u0144 konto\u201d w zak\u0142adce \u201cUstawienia\u201d lub wysy\u0142aj\u0105c wiadomo\u015b\u0107 na adres <a href=\"mailto:interactive@marrobstudio.pl\">interactive@marrobstudio.pl<\/a> . W przypadku danych, kt\u00f3re poda\u0142e\u015b dobrowolnie, uzupe\u0142niaj\u0105c sw\u00f3j Profil, mo\u017cesz je w ka\u017cdej chwili usun\u0105\u0107, edytuj\u0105c zakres informacji, kt\u00f3re si\u0119 tam znajduj\u0105. W przypadku pozosta\u0142ych kategorii danych lub gdy jeste\u015b niezarejestrowanym U\u017cytkownikiem Strony, wystarczy, \u017ce wy\u015blesz zg\u0142oszenie na adres <a href=\"mailto:interactive@marrobstudio.pl\">interactive@marrobstudio.pl<\/a> .<\/p>\n\n\n\n<ol class=\"wp-block-list\" type=\"1\"><li><strong>Prawo do sprzeciwu<\/strong><br>Masz prawo w dowolnym momencie wnie\u015b\u0107 sprzeciw wobec przetwarzania Twoich danych do cel\u00f3w marketingu bezpo\u015bredniego, w tym profilowania. Przetwarzanie to odbywa si\u0119 w naszym uzasadnionym interesie. Masz tak\u017ce prawo w dowolnym momencie wnie\u015b\u0107 sprzeciw wobec przetwarzania Twoich danych z przyczyn zwi\u0105zanych z Twoj\u0105 szczeg\u00f3ln\u0105 sytuacj\u0105.<\/li><\/ol>\n\n\n\n<p><\/p>\n\n\n\n<p><strong>G. OKRES PRZETWARZANIA DANYCH OSOBOWYCH<\/strong><\/p>\n\n\n\n<p>B\u0119dziemy przechowywa\u0107 Twoje Dane Osobowe tak d\u0142ugo, jak d\u0142ugo pozostajesz u\u017cytkownikiem Strony lub nie wycofasz zgody na przetwarzanie Danych Osobowych, kt\u00f3re umie\u015bci\u0142e\u015b na swoim Profilu ju\u017c po rejestracji. Jest to niezb\u0119dne zar\u00f3wno do poprawnego \u015bwiadczenia us\u0142ug, jak i w celach marketingowych. Je\u015bli usuniesz Profil lub wycofasz zgod\u0119 na przetwarzanie swoich Danych Osobowych, w\u00f3wczas zaprzestaniemy ich przetwarzania. W takim wypadku albo je usuniemy, albo nast\u0105pi ich anonimizacja, z tym jednak zastrze\u017ceniem, \u017ce cz\u0119\u015b\u0107 danych (imi\u0119, nazwisko, adres e-mail, historia Profilu oraz informacje o udzielonych zgodach) b\u0119dziemy przetwarza\u0107 przez okres 3 lat w celu ustalenia, dochodzenia lub obrony przed ewentualnymi roszczeniami.<br>Je\u015bli b\u0119dziesz korzysta\u0107 z jakiej\u015b funkcji Strony, nie b\u0119d\u0105c na nim zalogowanym, b\u0119dziemy przetwarza\u0107 Twoje Dane Osobowe przez czas, w kt\u00f3rym na Twoim urz\u0105dzeniu przechowywane b\u0119d\u0105 pliki cookies, user agent i ogl\u0105dane przez Ciebie zak\u0142adki i informacje na Stronie.<\/p>\n\n\n\n<p><strong>H. BEZPIECZE\u0143STWO DANYCH OSOBOWYCH<\/strong><\/p>\n\n\n\n<p>Na bie\u017c\u0105co prowadzimy analiz\u0119 ryzyka w celu zapewnienia, \u017ce Twoje Dane Osobowe przetwarzane s\u0105 w spos\u00f3b bezpieczny. Dost\u0119p do Twoich Danych Osobowych maj\u0105 jedynie osoby upowa\u017cnione i jedynie w zakresie, w jakim jest to niezb\u0119dne ze wzgl\u0119du na wykonywane przez nie zadania. Dbamy o to, by wszystkie operacje na Twoich Danych Osobowych by\u0142y rejestrowane i dokonywane jedynie przez uprawnionych pracownik\u00f3w i wsp\u00f3\u0142pracownik\u00f3w. Ka\u017cdy z naszych podmiot\u00f3w wsp\u00f3\u0142pracuj\u0105cych daje nam gwarancj\u0119, \u017ce stosuje odpowiednie \u015brodki bezpiecze\u0144stwa, kiedy przetwarza Twoje Dane Osobowe.<\/p>\n\n\n\n<p><strong>I. DANE KONTAKTOWE ADMINISTRATORA<\/strong><\/p>\n\n\n\n<p>Administratorem Twoich Danych Osobowych jest MARROB Studio Interactive, marka nale\u017c\u0105ca do ZERA GROUP sp. z o.o. (z siedzib\u0105 przy: ul. Cieszy\u0144ska 434, 43-382 Bielsko-Bia\u0142a, NIP: 739-388-49-90).<\/p>\n\n\n\n<p>Mo\u017cesz w ka\u017cdej sprawie zwi\u0105zanej z Ochron\u0105 Danych Osobowych kontaktowa\u0107 si\u0119 z naszym Inspektorem Ochrony Danych na adres e-mail <a href=\"mailto:interactive@marrobstudio.pl\">interactive@marrobstudio.pl<\/a> .<\/p>\n\n\n\n<p><strong>J. ZMIANY POLITYKI<\/strong> Ochrona Twoich Danych osobowych jest procesem dynamicznym i podlegaj\u0105cym nieustannym zmianom. Zmiany te maj\u0105 na celu ochron\u0119 Twoich praw w spos\u00f3b mo\u017cliwie najskuteczniejszy, dlatego Polityka podlega bie\u017c\u0105cej weryfikacji i aktualizacji. O wszelkich zmianach b\u0119dziemy informowa\u0107 U\u017cytkownik\u00f3w za pomoc\u0105 Strony lub wiadomo\u015bci e-mail.<\/p>\n","protected":false},"excerpt":{"rendered":"<p>Obowi\u0105zuje od dnia 15 pa\u017adziernika 2020 Chcieliby\u015bmy na wst\u0119pie poinformowa\u0107 Ci\u0119, \u017ce MARROB Studio Interactive zbiera i przetwarza Twoje dane osobowe. Ten dokument okre\u015bla zasady oraz cele przetwarzania tych\u017ce danych oraz opisuje, w jaki spos\u00f3b przestrzegamy Twoich praw i w jaki spos\u00f3b mo\u017cesz ich dochodzi\u0107. Definicje https:\/\/interactive.marrobstudio.pl\/ \u2013 Strona internetowa MARROB Studio Interactive.Dane Osobowe&nbsp;\u2013 wszystkie [&hellip;]<\/p>\n","protected":false},"author":4,"featured_media":0,"parent":0,"menu_order":0,"comment_status":"closed","ping_status":"open","template":"","meta":{"_acf_changed":false,"footnotes":""},"class_list":["post-3","page","type-page","status-publish","hentry"],"acf":[],"_links":{"self":[{"href":"https:\/\/interactive.marrobstudio.pl\/pl\/wp-json\/wp\/v2\/pages\/3","targetHints":{"allow":["GET"]}}],"collection":[{"href":"https:\/\/interactive.marrobstudio.pl\/pl\/wp-json\/wp\/v2\/pages"}],"about":[{"href":"https:\/\/interactive.marrobstudio.pl\/pl\/wp-json\/wp\/v2\/types\/page"}],"author":[{"embeddable":true,"href":"https:\/\/interactive.marrobstudio.pl\/pl\/wp-json\/wp\/v2\/users\/4"}],"replies":[{"embeddable":true,"href":"https:\/\/interactive.marrobstudio.pl\/pl\/wp-json\/wp\/v2\/comments?post=3"}],"version-history":[{"count":6,"href":"https:\/\/interactive.marrobstudio.pl\/pl\/wp-json\/wp\/v2\/pages\/3\/revisions"}],"predecessor-version":[{"id":397,"href":"https:\/\/interactive.marrobstudio.pl\/pl\/wp-json\/wp\/v2\/pages\/3\/revisions\/397"}],"wp:attachment":[{"href":"https:\/\/interactive.marrobstudio.pl\/pl\/wp-json\/wp\/v2\/media?parent=3"}],"curies":[{"name":"wp","href":"https:\/\/api.w.org\/{rel}","templated":true}]}}