{"id":200,"date":"2020-10-12T14:00:21","date_gmt":"2020-10-12T12:00:21","guid":{"rendered":"https:\/\/interactive.marrobstudio.pl\/pl\/?page_id=200"},"modified":"2025-11-19T20:19:50","modified_gmt":"2025-11-19T19:19:50","slug":"strefa-wiedzy","status":"publish","type":"page","link":"https:\/\/interactive.marrobstudio.pl\/pl\/strefa-wiedzy\/","title":{"rendered":"Strefa wiedzy"},"content":{"rendered":"\t\t<div data-elementor-type=\"wp-page\" data-elementor-id=\"200\" class=\"elementor elementor-200\" data-elementor-post-type=\"page\">\n\t\t\t\t\t\t<section class=\"elementor-section elementor-top-section elementor-element elementor-element-65af482 elementor-section-boxed elementor-section-height-default elementor-section-height-default\" data-id=\"65af482\" data-element_type=\"section\" data-e-type=\"section\" data-settings=\"{&quot;background_background&quot;:&quot;classic&quot;}\">\n\t\t\t\t\t\t<div class=\"elementor-container elementor-column-gap-wider\">\n\t\t\t\t\t<div class=\"elementor-column elementor-col-100 elementor-top-column elementor-element elementor-element-16a702bd\" data-id=\"16a702bd\" data-element_type=\"column\" data-e-type=\"column\">\n\t\t\t<div class=\"elementor-widget-wrap elementor-element-populated\">\n\t\t\t\t\t\t<div class=\"elementor-element elementor-element-76d66004 elementor-grid-1 elementor-grid-tablet-1 elementor-posts--thumbnail-left elementor-posts--align-left elementor-grid-mobile-1 elementor-widget elementor-widget-posts\" data-id=\"76d66004\" data-element_type=\"widget\" data-e-type=\"widget\" data-settings=\"{&quot;classic_columns&quot;:&quot;1&quot;,&quot;classic_columns_tablet&quot;:&quot;1&quot;,&quot;classic_row_gap&quot;:{&quot;unit&quot;:&quot;px&quot;,&quot;size&quot;:96,&quot;sizes&quot;:[]},&quot;pagination_type&quot;:&quot;numbers&quot;,&quot;classic_row_gap_mobile&quot;:{&quot;unit&quot;:&quot;px&quot;,&quot;size&quot;:0,&quot;sizes&quot;:[]},&quot;classic_columns_mobile&quot;:&quot;1&quot;,&quot;classic_row_gap_tablet&quot;:{&quot;unit&quot;:&quot;px&quot;,&quot;size&quot;:&quot;&quot;,&quot;sizes&quot;:[]}}\" data-widget_type=\"posts.classic\">\n\t\t\t\t<div class=\"elementor-widget-container\">\n\t\t\t\t\t\t\t<div class=\"elementor-posts-container elementor-posts elementor-posts--skin-classic elementor-grid\" role=\"list\">\n\t\t\t\t<article class=\"elementor-post elementor-grid-item post-1097 post type-post status-publish format-standard has-post-thumbnail hentry category-strefa-wiedzy\" role=\"listitem\">\n\t\t\t\t<a class=\"elementor-post__thumbnail__link\" href=\"https:\/\/interactive.marrobstudio.pl\/pl\/strefa-wiedzy\/profesjonalna-prezentacja-biznesowa\/\" tabindex=\"-1\" >\n\t\t\t<div class=\"elementor-post__thumbnail\"><img fetchpriority=\"high\" decoding=\"async\" width=\"1280\" height=\"720\" src=\"https:\/\/interactive.marrobstudio.pl\/pl\/wp-content\/uploads\/2022\/07\/Grafika_strefa-wiedzy9.png\" class=\"attachment-full size-full wp-image-1098\" alt=\"\" srcset=\"https:\/\/interactive.marrobstudio.pl\/pl\/wp-content\/uploads\/2022\/07\/Grafika_strefa-wiedzy9.png 1280w, https:\/\/interactive.marrobstudio.pl\/pl\/wp-content\/uploads\/2022\/07\/Grafika_strefa-wiedzy9-300x169.png 300w, https:\/\/interactive.marrobstudio.pl\/pl\/wp-content\/uploads\/2022\/07\/Grafika_strefa-wiedzy9-1024x576.png 1024w, https:\/\/interactive.marrobstudio.pl\/pl\/wp-content\/uploads\/2022\/07\/Grafika_strefa-wiedzy9-768x432.png 768w\" sizes=\"(max-width: 1280px) 100vw, 1280px\" \/><\/div>\n\t\t<\/a>\n\t\t\t\t<div class=\"elementor-post__text\">\n\t\t\t\t<h2 class=\"elementor-post__title\">\n\t\t\t<a href=\"https:\/\/interactive.marrobstudio.pl\/pl\/strefa-wiedzy\/profesjonalna-prezentacja-biznesowa\/\" >\n\t\t\t\tProfesjonalna prezentacja biznesowa\t\t\t<\/a>\n\t\t<\/h2>\n\t\t\t\t<div class=\"elementor-post__meta-data\">\n\t\t\t\t\t<span class=\"elementor-post-date\">\n\t\t\t27 July 2022\t\t<\/span>\n\t\t\t\t<\/div>\n\t\t\t\t<div class=\"elementor-post__excerpt\">\n\t\t\t<p>Masz do przygotowania prezentacj\u0119 biznesow\u0105, szkoleniow\u0105 lub sprzeda\u017cow\u0105? Zastanawiasz si\u0119 pewnie co zrobi\u0107, aby by\u0142a ona ciekawa, sp\u00f3jna i na temat? Stresujesz si\u0119, bo chcesz, aby Twoja prezentacja lub szkolenie zainteresowa\u0142o Twoich s\u0142uchaczy. Przede wszystkim musisz zrozumie\u0107, \u017ce prezentacja biznesowa jest bardzo istotnym elementem wyst\u0105pienia. Potrafi zaanga\u017cowa\u0107 odbiorc\u0119, przekaza\u0107 my\u015bl w interesuj\u0105cy spos\u00f3b i<\/p>\n\t\t<\/div>\n\t\t\n\t\t<a class=\"elementor-post__read-more\" href=\"https:\/\/interactive.marrobstudio.pl\/pl\/strefa-wiedzy\/profesjonalna-prezentacja-biznesowa\/\" aria-label=\"Read more about Profesjonalna prezentacja biznesowa\" tabindex=\"-1\" >\n\t\t\tSzczeg\u00f3\u0142y\t\t<\/a>\n\n\t\t\t\t<\/div>\n\t\t\t\t<\/article>\n\t\t\t\t<article class=\"elementor-post elementor-grid-item post-704 post type-post status-publish format-standard has-post-thumbnail hentry category-strefa-wiedzy\" role=\"listitem\">\n\t\t\t\t<a class=\"elementor-post__thumbnail__link\" href=\"https:\/\/interactive.marrobstudio.pl\/pl\/strefa-wiedzy\/interaktywne-trasy-rowerowe\/\" tabindex=\"-1\" >\n\t\t\t<div class=\"elementor-post__thumbnail\"><img decoding=\"async\" width=\"1280\" height=\"720\" src=\"https:\/\/interactive.marrobstudio.pl\/pl\/wp-content\/uploads\/2021\/05\/Grafika_interaktywne_trasy_rowerowe.png\" class=\"attachment-full size-full wp-image-705\" alt=\"\" srcset=\"https:\/\/interactive.marrobstudio.pl\/pl\/wp-content\/uploads\/2021\/05\/Grafika_interaktywne_trasy_rowerowe.png 1280w, https:\/\/interactive.marrobstudio.pl\/pl\/wp-content\/uploads\/2021\/05\/Grafika_interaktywne_trasy_rowerowe-300x169.png 300w, https:\/\/interactive.marrobstudio.pl\/pl\/wp-content\/uploads\/2021\/05\/Grafika_interaktywne_trasy_rowerowe-1024x576.png 1024w, https:\/\/interactive.marrobstudio.pl\/pl\/wp-content\/uploads\/2021\/05\/Grafika_interaktywne_trasy_rowerowe-768x432.png 768w\" sizes=\"(max-width: 1280px) 100vw, 1280px\" \/><\/div>\n\t\t<\/a>\n\t\t\t\t<div class=\"elementor-post__text\">\n\t\t\t\t<h2 class=\"elementor-post__title\">\n\t\t\t<a href=\"https:\/\/interactive.marrobstudio.pl\/pl\/strefa-wiedzy\/interaktywne-trasy-rowerowe\/\" >\n\t\t\t\tInteraktywne trasy rowerowe\t\t\t<\/a>\n\t\t<\/h2>\n\t\t\t\t<div class=\"elementor-post__meta-data\">\n\t\t\t\t\t<span class=\"elementor-post-date\">\n\t\t\t25 April 2021\t\t<\/span>\n\t\t\t\t<\/div>\n\t\t\t\t<div class=\"elementor-post__excerpt\">\n\t\t\t<p>Czy zastanawiali\u015bcie si\u0119 kiedykolwiek nad tym, czego nie widzicie jad\u0105c rowerem? Interaktywne trasy rowerowe pozwalaj\u0105 nie tylko na korzystanie z nich na bie\u017c\u0105co w trakcie jazdy rowerem, weryfikuj\u0105c przebieg trasy na urz\u0105dzeniu typu nawigacja czy smartfon\ud83d\udcf1, ale r\u00f3wnie\u017c mo\u017cna na nich umie\u015bci\u0107 punkty POI.Punktami POI mog\u0105 by\u0107 np. pomniki przyrody\ud83c\udf33, przydro\u017cne kapliczki z histori\u0105,<\/p>\n\t\t<\/div>\n\t\t\n\t\t<a class=\"elementor-post__read-more\" href=\"https:\/\/interactive.marrobstudio.pl\/pl\/strefa-wiedzy\/interaktywne-trasy-rowerowe\/\" aria-label=\"Read more about Interaktywne trasy rowerowe\" tabindex=\"-1\" >\n\t\t\tSzczeg\u00f3\u0142y\t\t<\/a>\n\n\t\t\t\t<\/div>\n\t\t\t\t<\/article>\n\t\t\t\t<article class=\"elementor-post elementor-grid-item post-695 post type-post status-publish format-standard has-post-thumbnail hentry category-strefa-wiedzy tag-copywriting tag-hybrydowa-agencja-interaktywna tag-pisanie-tekstow tag-promocja tag-teksty-reklamowe\" role=\"listitem\">\n\t\t\t\t<a class=\"elementor-post__thumbnail__link\" href=\"https:\/\/interactive.marrobstudio.pl\/pl\/strefa-wiedzy\/copywriting-2\/\" tabindex=\"-1\" >\n\t\t\t<div class=\"elementor-post__thumbnail\"><img decoding=\"async\" width=\"1280\" height=\"720\" src=\"https:\/\/interactive.marrobstudio.pl\/pl\/wp-content\/uploads\/2021\/05\/Grafika_strefa-wiedzy.png\" class=\"attachment-full size-full wp-image-692\" alt=\"\" srcset=\"https:\/\/interactive.marrobstudio.pl\/pl\/wp-content\/uploads\/2021\/05\/Grafika_strefa-wiedzy.png 1280w, https:\/\/interactive.marrobstudio.pl\/pl\/wp-content\/uploads\/2021\/05\/Grafika_strefa-wiedzy-300x169.png 300w, https:\/\/interactive.marrobstudio.pl\/pl\/wp-content\/uploads\/2021\/05\/Grafika_strefa-wiedzy-1024x576.png 1024w, https:\/\/interactive.marrobstudio.pl\/pl\/wp-content\/uploads\/2021\/05\/Grafika_strefa-wiedzy-768x432.png 768w\" sizes=\"(max-width: 1280px) 100vw, 1280px\" \/><\/div>\n\t\t<\/a>\n\t\t\t\t<div class=\"elementor-post__text\">\n\t\t\t\t<h2 class=\"elementor-post__title\">\n\t\t\t<a href=\"https:\/\/interactive.marrobstudio.pl\/pl\/strefa-wiedzy\/copywriting-2\/\" >\n\t\t\t\tSzlaki Tematyczne i Produkty Turystyczne &#8211; Nowoczesna Promocja\t\t\t<\/a>\n\t\t<\/h2>\n\t\t\t\t<div class=\"elementor-post__meta-data\">\n\t\t\t\t\t<span class=\"elementor-post-date\">\n\t\t\t22 March 2021\t\t<\/span>\n\t\t\t\t<\/div>\n\t\t\t\t<div class=\"elementor-post__excerpt\">\n\t\t\t<p>Czym jest nowoczesna promocja szlak\u00f3w tematycznych i produkt\u00f3w turystycznych?Obecny czas bardzo silnie \u0142\u0105czy ze sob\u0105 dwa \u015bwiaty &#8211; tradycyjny papierowy i nowoczesny elektroniczny (interaktywny).Naszym zdaniem te dwa \u015bwiaty nie konkuruj\u0105 ze sob\u0105 a wr\u0119cz wspaniale si\u0119 uzupe\u0142niaj\u0105, daj\u0105c odbiorcy szerok\u0105 gam\u0119 mo\u017cliwo\u015bci poznawczych.W zale\u017cno\u015bci od wykorzystanego no\u015bnika mo\u017cna przekaza\u0107 spersonalizowane tre\u015bci, tak aby jak<\/p>\n\t\t<\/div>\n\t\t\n\t\t<a class=\"elementor-post__read-more\" href=\"https:\/\/interactive.marrobstudio.pl\/pl\/strefa-wiedzy\/copywriting-2\/\" aria-label=\"Read more about Szlaki Tematyczne i Produkty Turystyczne &#8211; Nowoczesna Promocja\" tabindex=\"-1\" >\n\t\t\tSzczeg\u00f3\u0142y\t\t<\/a>\n\n\t\t\t\t<\/div>\n\t\t\t\t<\/article>\n\t\t\t\t<\/div>\n\t\t\n\t\t\t\t<div class=\"e-load-more-anchor\" data-page=\"1\" data-max-page=\"3\" data-next-page=\"https:\/\/interactive.marrobstudio.pl\/pl\/wp-json\/wp\/v2\/pages\/200\/page\/2\/\"><\/div>\n\t\t\t\t<nav class=\"elementor-pagination\" aria-label=\"Pagination\">\n\t\t\t<span aria-current=\"page\" class=\"page-numbers current\"><span class=\"elementor-screen-only\">Page<\/span>1<\/span>\n<a class=\"page-numbers\" href=\"https:\/\/interactive.marrobstudio.pl\/pl\/wp-json\/wp\/v2\/pages\/200\/page\/2\/\"><span class=\"elementor-screen-only\">Page<\/span>2<\/a>\n<a class=\"page-numbers\" href=\"https:\/\/interactive.marrobstudio.pl\/pl\/wp-json\/wp\/v2\/pages\/200\/page\/3\/\"><span class=\"elementor-screen-only\">Page<\/span>3<\/a>\t\t<\/nav>\n\t\t\t\t\t\t<\/div>\n\t\t\t\t<\/div>\n\t\t\t\t\t<\/div>\n\t\t<\/div>\n\t\t\t\t\t<\/div>\n\t\t<\/section>\n\t\t\t\t<\/div>\n\t\t","protected":false},"excerpt":{"rendered":"","protected":false},"author":4,"featured_media":0,"parent":0,"menu_order":0,"comment_status":"closed","ping_status":"closed","template":"elementor_header_footer","meta":{"_acf_changed":false,"footnotes":""},"class_list":["post-200","page","type-page","status-publish","hentry"],"acf":[],"_links":{"self":[{"href":"https:\/\/interactive.marrobstudio.pl\/pl\/wp-json\/wp\/v2\/pages\/200","targetHints":{"allow":["GET"]}}],"collection":[{"href":"https:\/\/interactive.marrobstudio.pl\/pl\/wp-json\/wp\/v2\/pages"}],"about":[{"href":"https:\/\/interactive.marrobstudio.pl\/pl\/wp-json\/wp\/v2\/types\/page"}],"author":[{"embeddable":true,"href":"https:\/\/interactive.marrobstudio.pl\/pl\/wp-json\/wp\/v2\/users\/4"}],"replies":[{"embeddable":true,"href":"https:\/\/interactive.marrobstudio.pl\/pl\/wp-json\/wp\/v2\/comments?post=200"}],"version-history":[{"count":8,"href":"https:\/\/interactive.marrobstudio.pl\/pl\/wp-json\/wp\/v2\/pages\/200\/revisions"}],"predecessor-version":[{"id":2519,"href":"https:\/\/interactive.marrobstudio.pl\/pl\/wp-json\/wp\/v2\/pages\/200\/revisions\/2519"}],"wp:attachment":[{"href":"https:\/\/interactive.marrobstudio.pl\/pl\/wp-json\/wp\/v2\/media?parent=200"}],"curies":[{"name":"wp","href":"https:\/\/api.w.org\/{rel}","templated":true}]}}